{"id":1130,"date":"2018-08-07T08:29:09","date_gmt":"2018-08-07T08:29:09","guid":{"rendered":"http:\/\/ums.com.uy\/2022\/mar\/agua\/pages__trashed\/contact-us-with-map\/"},"modified":"2021-03-23T18:53:06","modified_gmt":"2021-03-23T21:53:06","slug":"contacto","status":"publish","type":"page","link":"https:\/\/ums.com.uy\/2022\/mar\/en\/contacto\/","title":{"rendered":"Contact"},"content":{"rendered":"<div class=\"wpb-content-wrapper\"><div id=\"tm-row-69d104a792c93\" data-vc-full-width=\"true\" data-vc-full-width-init=\"false\" data-vc-stretch-content=\"true\" class=\"vc_row vc_row-outer vc_row-fluid vc_row-no-padding\"><div id=\"tm-column-69d104a793476\" class=\"wpb_column vc_column_container vc_col-sm-12\"><div class=\"vc_column-inner\"><div class=\"wpb_wrapper\"><div class=\"tm-image  tm-animation move-up\" id=\"tm-image-69d104a793759\">\n\t\t\t<div class=\"image\"><img data-recalc-dims=\"1\" decoding=\"async\" src=\"https:\/\/i0.wp.com\/ums.com.uy\/2022\/mar\/wp-content\/uploads\/2021\/03\/mapa.png?w=640&#038;ssl=1\" alt=\"mapa\" \/><\/div>\t<\/div>\n<\/div><\/div><\/div><\/div><div class=\"vc_row-full-width vc_clearfix\"><\/div><div id=\"tm-row-69d104a793d99\" data-vc-full-width=\"true\" data-vc-full-width-init=\"false\" data-vc-stretch-content=\"true\" class=\"vc_row vc_row-outer vc_row-fluid vc_row-o-equal-height vc_row-flex\"><div id=\"tm-column-69d104a79400e\" class=\"wpb_column vc_column_container vc_col-sm-5\"><div class=\"vc_column-inner\"><div class=\"wpb_wrapper\"><div class=\"tm-spacer\" id=\"tm-spacer-69d104a7941e5\"><\/div>\n<div id=\"tm-row-inner-69d104a79437c\" class=\"vc_row vc_inner vc_row-fluid\"><div id=\"tm-column-inner-69d104a7945e9\" class=\"wpb_column vc_column_container vc_col-sm-12\"><div class=\"vc_column-inner\"><div class=\"wpb_wrapper\">\n<div class=\"tm-heading  left tm-animation move-up\" id=\"tm-heading-69d104a79489c\">\n\t<h3 class=\"heading\" style=\"\">Locate us at<\/h3><\/div>\n\n<div class=\"tm-spacer\" id=\"tm-spacer-69d104a794b2b\"><\/div>\n\n<div class=\"tm-heading  left tm-animation move-up\" id=\"tm-heading-69d104a794ca9\">\n\t<div class=\"heading\" style=\"\">Arturo Lezama 2228<br \/>\nMontevideo - Uruguay<\/div><\/div>\n\n<div class=\"tm-spacer\" id=\"tm-spacer-69d104a795071\"><\/div>\n\n<div class=\"tm-heading  left tm-animation move-up\" id=\"tm-heading-69d104a7951c3\">\n\t<div class=\"heading\" style=\"\">weserve@ums.com.uy<br \/>\n+598 2924 6025<br \/>\n+598 9949 4099<\/div><\/div>\n\n<div class=\"tm-spacer\" id=\"tm-spacer-69d104a795443\"><\/div>\n\n<div class=\"tm-heading  left tm-animation move-up\" id=\"tm-heading-69d104a79562b\">\n\t<h3 class=\"heading\" style=\"\">Technical contact<\/h3><\/div>\n\n<div class=\"tm-spacer\" id=\"tm-spacer-69d104a7958ca\"><\/div>\n\n<div class=\"tm-heading  left tm-animation move-up\" id=\"tm-heading-69d104a795a16\">\n\t<div class=\"heading\" style=\"\"><strong>Leonardo Moreira<\/strong><br \/>\nSales Executive<br \/>\nMobile 24 hs.: + 598 99 648318<\/div><\/div>\n\n<div class=\"tm-spacer\" id=\"tm-spacer-69d104a795c95\"><\/div>\n\n<div class=\"tm-heading  left tm-animation move-up\" id=\"tm-heading-69d104a795ddd\">\n\t<div class=\"heading\" style=\"\"><strong>Sergio Hern\u00e1ndez<\/strong><br \/>\nTechnical Manager<br \/>\nMobile 24 hs.: + 598 98 710160<\/div><\/div>\n\n<div class=\"tm-spacer\" id=\"tm-spacer-69d104a796062\"><\/div>\n<\/div><\/div><\/div><\/div><div class=\"tm-spacer\" id=\"tm-spacer-69d104a7960f8\"><\/div>\n<\/div><\/div><\/div><div id=\"tm-column-69d104a7961f3\" class=\"wpb_column vc_column_container vc_col-sm-7\"><div class=\"vc_column-inner\"><div class=\"wpb_wrapper\"><div class=\"tm-spacer\" id=\"tm-spacer-69d104a796408\"><\/div>\n<div id=\"tm-row-inner-69d104a79686b\" class=\"vc_row vc_inner vc_row-fluid\"><div id=\"tm-column-inner-69d104a796a4e\" class=\"wpb_column vc_column_container vc_col-sm-12\"><div class=\"vc_column-inner\"><div class=\"wpb_wrapper\">\n<div class=\"tm-heading  left tm-animation move-up\" id=\"tm-heading-69d104a796ccc\">\n\t<h3 class=\"heading\" style=\"\">Send us a message<\/h3><\/div>\n\n<div class=\"tm-spacer\" id=\"tm-spacer-69d104a796f4e\"><\/div>\n<div class=\"tm-contact-form-7  style-02 tm-animation move-up\">\n\t\n<div class=\"wpcf7 no-js\" id=\"wpcf7-f661-o1\" lang=\"en-US\" dir=\"ltr\" data-wpcf7-id=\"661\">\n<div class=\"screen-reader-response\"><p role=\"status\" aria-live=\"polite\" aria-atomic=\"true\"><\/p> <ul><\/ul><\/div>\n<form action=\"\/2022\/mar\/en\/wp-json\/wp\/v2\/pages\/1130#wpcf7-f661-o1\" method=\"post\" class=\"wpcf7-form init\" aria-label=\"Contact form\" novalidate=\"novalidate\" data-status=\"init\" data-trp-original-action=\"\/2022\/mar\/en\/wp-json\/wp\/v2\/pages\/1130#wpcf7-f661-o1\">\n<fieldset class=\"hidden-fields-container\"><input type=\"hidden\" name=\"_wpcf7\" value=\"661\" \/><input type=\"hidden\" name=\"_wpcf7_version\" value=\"6.1.5\" \/><input type=\"hidden\" name=\"_wpcf7_locale\" value=\"en_US\" \/><input type=\"hidden\" name=\"_wpcf7_unit_tag\" value=\"wpcf7-f661-o1\" \/><input type=\"hidden\" name=\"_wpcf7_container_post\" value=\"0\" \/><input type=\"hidden\" name=\"_wpcf7_posted_data_hash\" value=\"\" \/>\n<\/fieldset>\n<div class=\"row\">\n\t<div class=\"col-md-12\">\n\t\t<p><span class=\"wpcf7-form-control-wrap\" data-name=\"your-name\"><input size=\"40\" maxlength=\"400\" class=\"wpcf7-form-control wpcf7-text wpcf7-validates-as-required\" aria-required=\"true\" aria-invalid=\"false\" placeholder=\"Name *\" value=\"\" type=\"text\" name=\"your-name\" \/><\/span>\n\t\t<\/p>\n\t<\/div>\n\t<div class=\"col-md-12\">\n\t\t<p><span class=\"wpcf7-form-control-wrap\" data-name=\"your-email\"><input size=\"40\" maxlength=\"400\" class=\"wpcf7-form-control wpcf7-email wpcf7-validates-as-required wpcf7-text wpcf7-validates-as-email\" aria-required=\"true\" aria-invalid=\"false\" placeholder=\"Email *\" value=\"\" type=\"email\" name=\"your-email\" \/><\/span>\n\t\t<\/p>\n\t<\/div>\n\t<div class=\"col-md-12\">\n\t\t<p><span class=\"wpcf7-form-control-wrap\" data-name=\"your-phone\"><input size=\"40\" maxlength=\"400\" class=\"wpcf7-form-control wpcf7-tel wpcf7-text wpcf7-validates-as-tel\" aria-invalid=\"false\" placeholder=\"Tel\u00e9fono\" value=\"\" type=\"tel\" name=\"your-phone\" \/><\/span>\n\t\t<\/p>\n\t<\/div>\n\t<div class=\"col-md-12\">\n\t\t<p><span class=\"wpcf7-form-control-wrap\" data-name=\"your-message\"><textarea cols=\"40\" rows=\"10\" maxlength=\"2000\" class=\"wpcf7-form-control wpcf7-textarea\" aria-invalid=\"false\" placeholder=\"Your message\" name=\"your-message\"><\/textarea><\/span>\n\t\t<\/p>\n\t<\/div>\n\t<div class=\"col-md-12\">\n\t\t<p><input class=\"wpcf7-form-control wpcf7-submit has-spinner\" type=\"submit\" value=\"Send\" \/>\n\t\t<\/p>\n\t<\/div>\n<\/div><div class=\"wpcf7-response-output\" aria-hidden=\"true\"><\/div>\n<input type=\"hidden\" name=\"trp-form-language\" value=\"en\"\/><\/form>\n<\/div>\n<\/div>\n<\/div><\/div><\/div><\/div><div class=\"tm-spacer\" id=\"tm-spacer-69d104a797a13\"><\/div>\n<\/div><\/div><\/div><\/div><div class=\"vc_row-full-width vc_clearfix\"><\/div>\n<\/div>","protected":false},"excerpt":{"rendered":"Ubicanos en Arturo Lezama 2228 Montevideo - Uruguay weserve@ums.com.uy +598 2924 6025 +598 9949 4099 Contacto t\u00e9cnico Leonardo Moreira Ejecutivo de Ventas M\u00f3vil 24 hs.: + 598 9964 8318 Sergio Hern\u00e1ndez Gerente T\u00e9cnico M\u00f3vil 24 hs.: + 598 9871 0160 Envianos un mensaje","protected":false},"author":1,"featured_media":0,"parent":0,"menu_order":0,"comment_status":"closed","ping_status":"closed","template":"","meta":{"footnotes":""},"class_list":["post-1130","page","type-page","status-publish","hentry","post-no-thumbnail"],"jetpack_sharing_enabled":true,"_links":{"self":[{"href":"https:\/\/ums.com.uy\/2022\/mar\/en\/wp-json\/wp\/v2\/pages\/1130","targetHints":{"allow":["GET"]}}],"collection":[{"href":"https:\/\/ums.com.uy\/2022\/mar\/en\/wp-json\/wp\/v2\/pages"}],"about":[{"href":"https:\/\/ums.com.uy\/2022\/mar\/en\/wp-json\/wp\/v2\/types\/page"}],"author":[{"embeddable":true,"href":"https:\/\/ums.com.uy\/2022\/mar\/en\/wp-json\/wp\/v2\/users\/1"}],"replies":[{"embeddable":true,"href":"https:\/\/ums.com.uy\/2022\/mar\/en\/wp-json\/wp\/v2\/comments?post=1130"}],"version-history":[{"count":13,"href":"https:\/\/ums.com.uy\/2022\/mar\/en\/wp-json\/wp\/v2\/pages\/1130\/revisions"}],"predecessor-version":[{"id":5193,"href":"https:\/\/ums.com.uy\/2022\/mar\/en\/wp-json\/wp\/v2\/pages\/1130\/revisions\/5193"}],"wp:attachment":[{"href":"https:\/\/ums.com.uy\/2022\/mar\/en\/wp-json\/wp\/v2\/media?parent=1130"}],"curies":[{"name":"wp","href":"https:\/\/api.w.org\/{rel}","templated":true}]}}