{"id":1147,"date":"2018-08-07T09:27:31","date_gmt":"2018-08-07T09:27:31","guid":{"rendered":"http:\/\/ums.com.uy\/2022\/mar\/agua\/pages\/services-classic\/"},"modified":"2022-09-30T16:48:41","modified_gmt":"2022-09-30T19:48:41","slug":"servicios","status":"publish","type":"page","link":"https:\/\/ums.com.uy\/2022\/mar\/en\/servicios\/","title":{"rendered":"Services"},"content":{"rendered":"<div class=\"wpb-content-wrapper\"><div id=\"tm-row-69ec933038241\" data-vc-full-width=\"true\" data-vc-full-width-init=\"false\" class=\"vc_row vc_row-outer vc_row-fluid vc_container-has-overlay\"><div class=\"vc_container-overlay\"><\/div><div id=\"tm-column-69ec933038e8b\" class=\"wpb_column vc_column_container vc_col-sm-12\"><div class=\"vc_column-inner\"><div class=\"wpb_wrapper\"><div class=\"tm-spacer\" id=\"tm-spacer-69ec93303903d\"><\/div>\n\n<div class=\"tm-heading modern-02 center tm-animation move-up\" id=\"tm-heading-69ec93303921c\">\n\t<h3 class=\"heading\" style=\"\">Services<\/h3><\/div>\n\n<div class=\"tm-spacer\" id=\"tm-spacer-69ec933039540\"><\/div>\n\n<div class=\"tm-heading  center tm-animation move-up\" id=\"tm-heading-69ec933039738\">\n\t<h3 class=\"heading\" style=\"\">Committed to providing our customers with the best high quality products and services for the protection of life and property at sea.<\/h3><\/div>\n\n<div class=\"tm-spacer\" id=\"tm-spacer-69ec933039aa7\"><\/div>\n\n<div class=\"tm-heading  center tm-animation move-up\" id=\"tm-heading-69ec933039c86\">\n\t<div class=\"heading\" style=\"\">We focus on one goal: to provide our customers with the best products with the best service. Because your safety is our priority. Always.<\/div><\/div>\n\n<div class=\"tm-spacer\" id=\"tm-spacer-69ec933039ef7\"><\/div>\n<\/div><\/div><\/div><\/div><div class=\"vc_row-full-width vc_clearfix\"><\/div><div id=\"tm-row-69ec93303a130\" class=\"vc_row vc_row-outer vc_row-fluid\"><div id=\"tm-column-69ec93303a32f\" class=\"wpb_column vc_column_container vc_col-sm-12\"><div class=\"vc_column-inner\"><div class=\"wpb_wrapper\"><div class=\"tm-grid-wrapper tm-grid-group\" id=\"tm-grid-69ec93303a646\"\n     data-item-wrap=\"1\"\n>\n\n\t<div class=\"tm-grid modern-grid has-animation move-up\">\n\t\t<div class=\"tm-box-icon  align-center style-03 tm-animation move-up\" id=\"tm-box-icon-69ec93303a96e\">\n\t\n\t\n\t<div class=\"content-wrap\">\n\t\t\n\n\t\t\t\t\t\t<div class=\"icon\">\n\t\t\t\t\t\t<span class=\"far fa-chart-network\"><\/span>\n\t\t\t\t\t<\/div>\n\t\t\t\t\t\n<div class=\"content\">\n\t\t\t<h4 class=\"heading\">\n\t\t\t\n\t\t\t\tOfficial representatives\n\t\t\t\t\n\t\t<\/h4>\n\t\n\t\t\t<div class=\"text\">We are official representatives of the world's leading brands in maritime safety, such as Viking, RFD, DSB, Zodiac. This allows us to provide a greater guarantee and safety in our work.<\/div>\t<\/div>\n\n\n\t\n\t<\/div>\n\n\t\n<\/div>\n<div class=\"tm-box-icon  align-center style-03 tm-animation move-up\" id=\"tm-box-icon-69ec93303e66e\">\n\t\n\t\n\t<div class=\"content-wrap\">\n\t\t\n\n\t\t\t\t\t\t<div class=\"icon\">\n\t\t\t\t\t\t<span class=\"far fa-address-book\"><\/span>\n\t\t\t\t\t<\/div>\n\t\t\t\t\t\n<div class=\"content\">\n\t\t\t<h4 class=\"heading\">\n\t\t\t\n\t\t\t\tCertified technicians\n\t\t\t\t\n\t\t<\/h4>\n\t\n\t\t\t<div class=\"text\">All our technicians are certified and have the latest information provided by our represented brands, authorities and regulatory bodies.<\/div>\t<\/div>\n\n\n\t\n\t<\/div>\n\n\t\n<\/div>\n<div class=\"tm-box-icon  align-center style-03 tm-animation move-up\" id=\"tm-box-icon-69ec93303eac0\">\n\t\n\t\n\t<div class=\"content-wrap\">\n\t\t\n\n\t\t\t\t\t\t<div class=\"icon\">\n\t\t\t\t\t\t<span class=\"far fa-calendar-alt\"><\/span>\n\t\t\t\t\t<\/div>\n\t\t\t\t\t\n<div class=\"content\">\n\t\t\t<h4 class=\"heading\">\n\t\t\t\n\t\t\t\t24\/7\/365\n\t\t\t\t\n\t\t<\/h4>\n\t\n\t\t\t<div class=\"text\">UMS is available to provide maritime security solutions 24 hours a day, 7 days a week, 365 days a year. Your safety is our priority.<\/div>\t<\/div>\n\n\n\t\n\t<\/div>\n\n\t\n<\/div>\n\t<\/div>\n\n<\/div>\n\n\n<div class=\"tm-spacer\" id=\"tm-spacer-69ec93303ee9a\"><\/div>\n<\/div><\/div><\/div><\/div><div id=\"tm-row-69ec93303f122\" class=\"vc_row vc_row-outer vc_row-fluid\"><div id=\"tm-column-69ec93303f37f\" class=\"wpb_column vc_column_container vc_col-sm-12\"><div class=\"vc_column-inner\"><div class=\"wpb_wrapper\"><div class=\"tm-services-list  style-01 tm-animation move-up\" id=\"tm-services-list-69ec933040c59\">\n\t\t\t\t\t\t<div class=\"service-item\">\n\t\t\t\t<div class=\"service-image\">\n\t\t\t\t\t\t\t\t\t\t\t<img data-recalc-dims=\"1\" decoding=\"async\" src=\"https:\/\/i0.wp.com\/ums.com.uy\/2022\/mar\/wp-content\/uploads\/2020\/10\/balsa.png?w=640&#038;ssl=1\" alt=\"balsa\" \/>\t\t\t\t\t\t\t\t\t<\/div>\n\n\t\t\t\t<div class=\"service-info\">\n\n\t\t\t\t\t\t\t\t\t\t\t<h3 class=\"service-name\">\n\t\t\t\t\t\t\tLiferafts and survival equipment\t\t\t\t\t\t<\/h3>\n\t\t\t\t\t\n\t\t\t\t\t\t\t\t\t\t\t<div class=\"service-text\">\n\t\t\t\t\t\t\t<b>Commercial vessels, pleasure and sport boats.<\/b>\n\nUMS is the first liferaft service station to be authorized according to IMO Resolution a.761(18) in Uruguay. Our staff regularly attends liferaft factories to participate in technical refresher courses, receiving the corresponding qualification certificates. \n<br>\n<ul><li><a href=\"https:\/\/survitecgroup.com\/about-us\/our-brands\/\">RFD<\/a><\/li><li><a href=\"https:\/\/survitecgroup.com\/about-us\/our-brands\/\">DSB<\/a><\/li><li><a href=\"https:\/\/www.surviteczodiac.com\/\">ZODIAC<\/a><\/li><li><a href=\"https:\/\/www.viking-life.com\/en\/liferafts-\/a-liferafts\">VIKING LIFE-SAVING<\/a><\/li><li><a href=\"http:\/\/www.csmliferaft.com\/\">CSM<\/a> (R.P. China)<\/li><li><a href=\"http:\/\/en.youlongrubber.com\/\">SHANGHAI YOULONG RUBBER PRODUCT CO. LTD <\/a>(R.P. China)<\/li>\n<li><a href=\"https:\/\/www.lalizas.com\">LALIZAS<\/a><\/li>\n<li><a href=\"https:\/\/www.huayandy.com\">JIANGSU HUAYAN<\/a><\/li>\n<li><a href=\"https:\/\/www.cmhammar.com\/\">HAMMAR -Disparadores Hidrost\u00e1ticos-HRU<\/a><\/li>\n<\/ul>\t\t\t\t\t\t<\/div>\n\t\t\t\t\t\n\t\t\t\t<\/div>\n\t\t\t<\/div>\n\t\t\t\t\t<div class=\"service-item\">\n\t\t\t\t<div class=\"service-image\">\n\t\t\t\t\t\t\t\t\t\t\t<img data-recalc-dims=\"1\" decoding=\"async\" src=\"https:\/\/i0.wp.com\/ums.com.uy\/2022\/mar\/wp-content\/uploads\/2020\/10\/incendio.png?w=640&#038;ssl=1\" alt=\"incendio\" \/>\t\t\t\t\t\t\t\t\t<\/div>\n\n\t\t\t\t<div class=\"service-info\">\n\n\t\t\t\t\t\t\t\t\t\t\t<h3 class=\"service-name\">\n\t\t\t\t\t\t\tFire Protection Installations and Equipment\t\t\t\t\t\t<\/h3>\n\t\t\t\t\t\n\t\t\t\t\t\t\t\t\t\t\t<div class=\"service-text\">\n\t\t\t\t\t\t\tUMS is qualified to perform inspection, maintenance and certification of fire detection and suppression systems.\n\n<br>\n<ul><li>Fixed system type: Carbon dioxide -CO2, Chemical foam -AFFF, Water mist, FM200 or HFC-227, NOVEC 1230 and Dry chemical powder.<\/li>\n<li>Portable equipment - Agent extinguishers:  Carbon dioxide-CO2, Chemical foam-AFFF, Water and foam, Dry chemical powder-ABC, Class K for kitchens and Class D for combustible metals.<\/li>\n<li>When applicable, pressure vessels -cylinders- are hydrostatically tested according to the applicable technical standards.<\/li>\n<li>FIRETRACE<\/li>\n<li>JIANGSU HUAYAN<\/li><\/ul>\t\t\t\t\t\t<\/div>\n\t\t\t\t\t\n\t\t\t\t<\/div>\n\t\t\t<\/div>\n\t\t\t\t\t<div class=\"service-item\">\n\t\t\t\t<div class=\"service-image\">\n\t\t\t\t\t\t\t\t\t\t\t<img data-recalc-dims=\"1\" decoding=\"async\" src=\"https:\/\/i0.wp.com\/ums.com.uy\/2022\/mar\/wp-content\/uploads\/2022\/09\/lab.jpg?w=640&#038;ssl=1\" alt=\"lab\" \/>\t\t\t\t\t\t\t\t\t<\/div>\n\n\t\t\t\t<div class=\"service-info\">\n\n\t\t\t\t\t\t\t\t\t\t\t<h3 class=\"service-name\">\n\t\t\t\t\t\t\tLaboratory\t\t\t\t\t\t<\/h3>\n\t\t\t\t\t\n\t\t\t\t\t\t\t\t\t\t\t<div class=\"service-text\">\n\t\t\t\t\t\t\tUMS inspects and repairs self-contained breathing apparatus - CABA and EEBD (emergency escape breathing device) equipment, calibrates gas monitors, pressure-temperature instruments and performs breathing air quality analysis on compressors.\n<br>\n<ul><li><a href=\"https:\/\/www.lalizas.com\/\">LALIZAS (Greece)<\/a> - Annual service CABA and EEBD. Sales and service<\/li><li><a href=\"https:\/\/www.huayandy.com\/\">JIANGSU HUAYAN (R.P. China)<\/a> - Annual service CABA and EEBD. Sales and service<\/li><li>Chemical and Gas Protective Equipment - Sales and Service<\/li><li>Medical equipment. Oxygen resuscitators and service<\/li><\/ul>\n\t\t\t\t\t\t<\/div>\n\t\t\t\t\t\n\t\t\t\t<\/div>\n\t\t\t<\/div>\n\t\t\t\t\t<div class=\"service-item\">\n\t\t\t\t<div class=\"service-image\">\n\t\t\t\t\t\t\t\t\t\t\t<img data-recalc-dims=\"1\" decoding=\"async\" src=\"https:\/\/i0.wp.com\/ums.com.uy\/2022\/mar\/wp-content\/uploads\/2020\/10\/pescantes2.png?w=640&#038;ssl=1\" alt=\"pescantes2\" \/>\t\t\t\t\t\t\t\t\t<\/div>\n\n\t\t\t\t<div class=\"service-info\">\n\n\t\t\t\t\t\t\t\t\t\t\t<h3 class=\"service-name\">\n\t\t\t\t\t\t\tBoats and davits\t\t\t\t\t\t<\/h3>\n\t\t\t\t\t\n\t\t\t\t\t\t\t\t\t\t\t<div class=\"service-text\">\n\t\t\t\t\t\t\tUMS performs maintenance and inspection of lifeboats, rescue boats, release and launching systems (davits, cranes, ramps).\n\nIn accordance with existing legal requirements, service and maintenance of this type of equipment must be carried out annually and every five years by the manufacturer or by an authorized and qualified agent, with the necessary training and certifications. \n<br>\n<ul><li><a href=\"http:\/\/www.hdboat.com\/main\/eng\/index.php\">HLB Hyundai Lifeboat<\/a><\/li>\n<li><a href=\"http:\/\/www.badahi.co.kr\">BADAHI<\/a><\/li><\/ul>\t\t\t\t\t\t<\/div>\n\t\t\t\t\t\n\t\t\t\t<\/div>\n\t\t\t<\/div>\n\t\t\t\t\t<div class=\"service-item\">\n\t\t\t\t<div class=\"service-image\">\n\t\t\t\t\t\t\t\t\t\t\t<img data-recalc-dims=\"1\" decoding=\"async\" src=\"https:\/\/i0.wp.com\/ums.com.uy\/2022\/mar\/wp-content\/uploads\/2020\/10\/pirotecnia2.png?w=640&#038;ssl=1\" alt=\"pirotecnia2\" \/>\t\t\t\t\t\t\t\t\t<\/div>\n\n\t\t\t\t<div class=\"service-info\">\n\n\t\t\t\t\t\t\t\t\t\t\t<h3 class=\"service-name\">\n\t\t\t\t\t\t\tPyrotechnics, equipment and products\t\t\t\t\t\t<\/h3>\n\t\t\t\t\t\n\t\t\t\t\t\t\t\t\t\t\t<div class=\"service-text\">\n\t\t\t\t\t\t\tUMS sells the best products on the market. We represent manufacturers whose products are internationally approved, following IMO standards.\n\n<ul>\n<li><a href=\"http:\/\/www.huayandy.com\">JIANGSU HUAYAN<\/a><\/li>\n<li><a href=\"http:\/\/www.lalizas.com\">LALIZAS <\/a><\/li>\n<li><a href=\"https:\/\/wescomsignal.com\/\">WESCOM\u00a0Signal and Rescue<\/a><\/li>\n<li><a href=\"https:\/\/www.gcrieber-compact.com\/products\/maritime-survival\/emergency-rations\/\">COMPACT AS<\/a><\/li>\n<li><a href=\"https:\/\/polyform.no\/?gclid=Cj0KCQiAzZL-BRDnARIsAPCJs70yLV4jqMSZhbMaTBMGNvEjNPrFjsupjQCf18amruLxzwb-hDLd1RwaAgACEALw_wcB\">MARINE FENDERS<\/a><\/li>\n<li><a href=\"https:\/\/www.lalizasimosigns.com\/cat-products.php?selected_id=1\">IMO Signals<\/a><\/li>\n<\/ul>\t\t\t\t\t\t<\/div>\n\t\t\t\t\t\n\t\t\t\t<\/div>\n\t\t\t<\/div>\n\t\t\t<\/div>\n<div class=\"tm-spacer\" id=\"tm-spacer-69ec93304a36d\"><\/div>\n<\/div><\/div><\/div><\/div><div id=\"tm-row-69ec93304a628\" data-vc-full-width=\"true\" data-vc-full-width-init=\"false\" class=\"vc_row vc_row-outer vc_row-fluid\"><div id=\"tm-column-69ec93304a8c4\" class=\"wpb_column vc_column_container vc_col-sm-12\"><div class=\"vc_column-inner\"><div class=\"wpb_wrapper\"><div class=\"tm-spacer\" id=\"tm-spacer-69ec93304aa43\"><\/div>\n\n<div class=\"tm-heading modern-02 center tm-animation move-up\" id=\"tm-heading-69ec93304abba\">\n\t<h3 class=\"heading\" style=\"\">How do we do it?<\/h3><\/div>\n\n<div class=\"tm-spacer\" id=\"tm-spacer-69ec93304ae6b\"><\/div>\n\n<div class=\"tm-heading  center tm-animation move-up\" id=\"tm-heading-69ec93304afbc\">\n\t<h3 class=\"heading\" style=\"\">Our work process<\/h3><\/div>\n\n<div class=\"tm-spacer\" id=\"tm-spacer-69ec93304b235\"><\/div>\n<div class=\"tm-gradation  tm-gradation-- tm-animation-queue\" id=\"tm-gradation-69ec93304b48e\"\n     data-animation-delay=\"400\"\n>\n\t\t\t<div class=\"item item-1\">\n\t\t\t<div class=\"line\"><\/div>\n\n\t\t\t<div class=\"dot-wrap\">\n\t\t\t\t<div class=\"dot\">\n\t\t\t\t\t<div class=\"count\">1<\/div>\n\t\t\t\t<\/div>\n\t\t\t<\/div>\n\n\t\t\t<div class=\"content-wrap\">\n\t\t\t\t\t\t\t\t\t<h5 class=\"title\">Identification<\/h5>\n\t\t\t\t\n\t\t\t\t\t\t\t\t\t<div class=\"text\">Our technical team identifies the customer's needs<\/div>\n\t\t\t\t\t\t\t<\/div>\n\t\t<\/div>\n\t\t\t<div class=\"item item-2\">\n\t\t\t<div class=\"line\"><\/div>\n\n\t\t\t<div class=\"dot-wrap\">\n\t\t\t\t<div class=\"dot\">\n\t\t\t\t\t<div class=\"count\">2<\/div>\n\t\t\t\t<\/div>\n\t\t\t<\/div>\n\n\t\t\t<div class=\"content-wrap\">\n\t\t\t\t\t\t\t\t\t<h5 class=\"title\">Assessment<\/h5>\n\t\t\t\t\n\t\t\t\t\t\t\t\t\t<div class=\"text\">We quickly evaluate the best solution to the problem, always in agreement with the client. <\/div>\n\t\t\t\t\t\t\t<\/div>\n\t\t<\/div>\n\t\t\t<div class=\"item item-3\">\n\t\t\t<div class=\"line\"><\/div>\n\n\t\t\t<div class=\"dot-wrap\">\n\t\t\t\t<div class=\"dot\">\n\t\t\t\t\t<div class=\"count\">3<\/div>\n\t\t\t\t<\/div>\n\t\t\t<\/div>\n\n\t\t\t<div class=\"content-wrap\">\n\t\t\t\t\t\t\t\t\t<h5 class=\"title\">Warranty<\/h5>\n\t\t\t\t\n\t\t\t\t\t\t\t\t\t<div class=\"text\">Once the work is completed, our quality guarantee begins to run. <\/div>\n\t\t\t\t\t\t\t<\/div>\n\t\t<\/div>\n\t<\/div>\n<div class=\"tm-spacer\" id=\"tm-spacer-69ec93304b74c\"><\/div>\n<\/div><\/div><\/div><\/div><div class=\"vc_row-full-width vc_clearfix\"><\/div><div id=\"tm-row-69ec93304b9e7\" data-vc-full-width=\"true\" data-vc-full-width-init=\"false\" class=\"vc_row vc_row-outer vc_row-fluid vc_row-o-content-middle vc_row-flex\"><div id=\"tm-column-69ec93304bc26\" class=\"wpb_column vc_column_container vc_col-sm-6\"><div class=\"vc_column-inner\"><div class=\"wpb_wrapper\">\n<div class=\"tm-heading  left tm-animation move-up\" id=\"tm-heading-69ec93304be88\">\n\t<h3 class=\"heading\" style=\"\">Shall we start working together?<\/h3><\/div>\n\n<div class=\"tm-spacer\" id=\"tm-spacer-69ec93304c10c\"><\/div>\n<\/div><\/div><\/div><div id=\"tm-column-69ec93304c1ee\" class=\"wpb_column vc_column_container vc_col-sm-6\"><div class=\"vc_column-inner\"><div class=\"wpb_wrapper\"><div class=\"tm-button-wrapper  tm-animation move-up\" id=\"tm-button-69ec93304c610\">\n\t\t<a class=\"tm-button style-flat tm-button-nm tm-button-custom\" href=\"http:\/\/ums.com.uy\/2022\/mar\/en\/contacto\/\"\n\t\t\t>\n\n\t\t\n\t\t\t\t\t\t<span class=\"button-text\" data-text=\"Contactanos tel:(+598)29246025\">\n\t\t\t\tContact us tel:(+598)29246025\t\t\t<\/span>\n\t\t\t\n\t\t\t\n\t\t\n\n\t<\/a>\n<\/div>\n<\/div><\/div><\/div><\/div><div class=\"vc_row-full-width vc_clearfix\"><\/div>\n<\/div>","protected":false},"excerpt":{"rendered":"Servicios Comprometidos en brindar a nuestros clientes los mejores productos y servicios de alta calidad para la protecci\u00f3n de la vida y bienes en el mar Nos enfocamos en un objetivo: brindar a nuestros clientes los mejores productos con el mejor servicio. Porque su seguridad es nuestra prioridad. Siempre. Representantes oficiales Somos representantes oficiales de las principales marcas de seguridad mar\u00edtima mundial, como por ejemplo Viking, RFD, DSB, Zodiac. Esto nos permite brindar una mayor garant\u00eda y seguridad en nuestros trabajos. T\u00e9cnicos certificados Todos nuestros t\u00e9cnicos est\u00e1n certificados y cuentan con la \u00faltima informaci\u00f3n brindada por nuestras marcas representadas, las autoridades y organismos regulatorios. 24\/7\/365 UMS est\u00e1 disponible para ofrecer soluciones de seguridad mar\u00edtima las 24 horas, los 7 d\u00edas de la semana, los 365 d\u00edas del a\u00f1o. Su seguridad es nuestra prioridad. Balsas salvavidas y equipos de supervivencia Buques comerciales, embarcaciones de placer y deportivas. UMS es la primera estaci\u00f3n de servicio de balsas salvavidas en ser autorizada conforme a la Resoluci\u00f3n IMO a.761(18) en Uruguay. Nuestro personal concurre regularmente a las f\u00e1bricas de balsas salvavidas para participar en los cursos t\u00e9cnicos de refresco, recibiendo los correspondientes certificados de habilitaci\u00f3n. RFDDSBZODIACVIKING LIFE-SAVINGCSM (R.P. China)SHANGHAI YOULONG RUBBER PRODUCT CO. LTD (R.P. China) LALIZAS JIANGSU HUAYAN HAMMAR -Disparadores Hidrost\u00e1ticos-HRU Instalaciones y Equipos contra incendio UMS est\u00e1 calificado para realizar inspecci\u00f3n, mantenimiento y certificaci\u00f3n a los sistemas de detecci\u00f3n y extinci\u00f3n de incendios. Tipo de sistema Fijos: Di\u00f3xido de Carbono -CO2, Espuma qu\u00edmica -AFFF, Agua nebulizada -water mist, FM200 \u00f3 HFC-227, NOVEC 1230 y Polvo qu\u00edmico seco. Equipos port\u00e1tiles- Extintores de agentes: Di\u00f3xido de Carbono -CO2, Espuma qu\u00edmica -AFFF, Agua y espuma, Polvo qu\u00edmico seco-ABC, Clase K para cocinas y Clase D para metales combustibles. Cuando corresponde los recipientes a presi\u00f3n \u2013 cilindros- son hidrost\u00e1ticamente testeados de acuerdo a las normas t\u00e9cnicas aplicables. FIRETRACE JIANGSU HUAYAN Laboratorio UMS inspecciona y repara aparatos de respiraci\u00f3n aut\u00f3nomos -equipos CABA y EEBD (dispositivo de respiraci\u00f3n para escape de emergencia), calibra monitores de gases, instrumentos de presi\u00f3n- temperatura y realiza an\u00e1lisis de calidad de aire respirable a compresores. LALIZAS (Grecia) \u2013 Servicio anual CABA y EEBD. Venta y servicioJIANGSU HUAYAN (R.P. China) \u2013 Servicio anual CABA y EEBD. Venta y servicioEquipo de protecci\u00f3n contra qu\u00edmicos y gases - Venta y servicioEquipo m\u00e9dico. Resucitadores de ox\u00edgeno y servicio Botes y pescantes UMS realiza el mantenimiento e inspecci\u00f3n de los botes salvavidas, botes de rescate, sistema de liberaci\u00f3n y puesta a flote (pescantes, gr\u00faas, rampas). Conforme a los requisitos legales existentes el servicio y mantenimiento de este tipo de equipamiento debe llevarse a cabo anual y quinquenalmente por el fabricante o por un agente autorizado y calificado, con el entrenamiento y certificaciones necesarias. HLB Hyundai Lifeboat BADAHI Pirotecnia, equipos y productos UMS vende los mejores productos en el mercado. Representamos a los fabricantes cuyos productos est\u00e1n homologados internacionalmente, siguiendo las normas de la OMI. JIANGSU HUAYAN LALIZAS WESCOM\u00a0Signal and Rescue COMPACT AS Defensas Inflables Se\u00f1ales IMO \u00bfC\u00f3mo lo hacemos? Nuestro proceso de trabajo 1 Identificaci\u00f3n Nuestro equipo t\u00e9cnico identifica la necesidad del cliente 2 Evaluaci\u00f3n R\u00e1pidamente se eval\u00faa cu\u00e1l es la mejor soluci\u00f3n al problema, siempre de acuerdo con el cliente. 3 Garant\u00eda Una vez que el trabajo est\u00e1 culminado, nuestra garant\u00eda de calidad comienza a correr. \u00bfComenzamos a trabajar juntos? Contactanos tel:(+598)29246025","protected":false},"author":1,"featured_media":0,"parent":0,"menu_order":0,"comment_status":"closed","ping_status":"closed","template":"","meta":{"footnotes":""},"class_list":["post-1147","page","type-page","status-publish","hentry","post-no-thumbnail"],"jetpack_sharing_enabled":true,"_links":{"self":[{"href":"https:\/\/ums.com.uy\/2022\/mar\/en\/wp-json\/wp\/v2\/pages\/1147","targetHints":{"allow":["GET"]}}],"collection":[{"href":"https:\/\/ums.com.uy\/2022\/mar\/en\/wp-json\/wp\/v2\/pages"}],"about":[{"href":"https:\/\/ums.com.uy\/2022\/mar\/en\/wp-json\/wp\/v2\/types\/page"}],"author":[{"embeddable":true,"href":"https:\/\/ums.com.uy\/2022\/mar\/en\/wp-json\/wp\/v2\/users\/1"}],"replies":[{"embeddable":true,"href":"https:\/\/ums.com.uy\/2022\/mar\/en\/wp-json\/wp\/v2\/comments?post=1147"}],"version-history":[{"count":43,"href":"https:\/\/ums.com.uy\/2022\/mar\/en\/wp-json\/wp\/v2\/pages\/1147\/revisions"}],"predecessor-version":[{"id":5483,"href":"https:\/\/ums.com.uy\/2022\/mar\/en\/wp-json\/wp\/v2\/pages\/1147\/revisions\/5483"}],"wp:attachment":[{"href":"https:\/\/ums.com.uy\/2022\/mar\/en\/wp-json\/wp\/v2\/media?parent=1147"}],"curies":[{"name":"wp","href":"https:\/\/api.w.org\/{rel}","templated":true}]}}