{"id":5213,"date":"2021-06-30T13:05:12","date_gmt":"2021-06-30T16:05:12","guid":{"rendered":"http:\/\/ums.com.uy\/2022\/mar\/?page_id=5213"},"modified":"2022-09-30T11:06:29","modified_gmt":"2022-09-30T14:06:29","slug":"producto","status":"publish","type":"page","link":"https:\/\/ums.com.uy\/2022\/mar\/en\/producto\/","title":{"rendered":"Products"},"content":{"rendered":"<div class=\"wpb-content-wrapper\"><div id=\"tm-row-69e767673e895\" class=\"vc_row vc_row-outer vc_row-fluid\"><div id=\"tm-column-69e767673f2e5\" class=\"wpb_column vc_column_container vc_col-sm-2\"><div class=\"vc_column-inner\"><div class=\"wpb_wrapper\"><\/div><\/div><\/div><div id=\"tm-column-69e767673f60c\" class=\"wpb_column vc_column_container vc_col-sm-8\"><div class=\"vc_column-inner\"><div class=\"wpb_wrapper\">\n\t<div class=\"wpb_text_column wpb_content_element tm-animation move-up\" >\n\t\t<div class=\"wpb_wrapper\">\n\t\t\t<p style=\"text-align: center;\">Life jackets, immersion suits, flares, smoke signals and more... Everything you need for your maritime safety can be found in our products section. Browse through the main categories and get in touch with us for the best advice.<br \/>\n<strong>We are UMS, we serve to save lives.<\/strong><\/p>\n\n\t\t<\/div>\n\t<\/div>\n<div class=\"tm-spacer\" id=\"tm-spacer-69e76767466c1\"><\/div>\n<\/div><\/div><\/div><div id=\"tm-column-69e7676746908\" class=\"wpb_column vc_column_container vc_col-sm-2\"><div class=\"vc_column-inner\"><div class=\"wpb_wrapper\"><\/div><\/div><\/div><\/div><div id=\"tm-row-69e7676746d1b\" class=\"vc_row vc_row-outer vc_row-fluid\"><div id=\"tm-column-69e767674702a\" class=\"wpb_column vc_column_container vc_col-sm-1\/5\"><div class=\"vc_column-inner\"><div class=\"wpb_wrapper\"><div class=\"tm-rotate-box  tm-animation move-up\" id=\"tm-rotate-box-69e767674a53d\">\n\t<div class=\"flipper to-top\">\n\t\t<div class=\"thumb-wrap\">\n\t\t\t<div class=\"box front\">\n\t\t\t\t<div class=\"content-wrap\">\n\t\t\t\t\t\t\t\t\t\t\t<h4 class=\"heading\">\n\t\t\t\t\t\t\tDistress Signs\t\t\t\t\t\t<\/h4>\n\t\t\t\t\t\n\t\t\t\t\t\n\t\t\t\t\t\t\t\t\t\t\t\t<a class=\"tm-button style-border-text tm-rotate-box-btn tm-button-default\"\n\t\t\t\t\t\t\t   href=\"http:\/\/ums.com.uy\/2022\/mar\/en\/product-category\/senales-de-socorro\/\"\n\t\t\t\t\t\t\t\t\t\t\t\t\t\t\t>\n\t\t\t\t\t\t\t\t<span class=\"button-text\"><\/span>\n\t\t\t\t\t\t\t<\/a>\n\t\t\t\t\t\t\t\t\t\t<\/div>\n\t\t\t<\/div>\n\t\t\t<div class=\"box back\">\n\t\t\t\t<div class=\"content-wrap\">\n\t\t\t\t\t\t\t\t\t\t\t<h4 class=\"heading\">\n\t\t\t\t\t\t\tDistress Signs\t\t\t\t\t\t<\/h4>\n\t\t\t\t\t\n\t\t\t\t\t\t\t\t\t\t\t<div class=\"text\">\n\t\t\t\t\t\t\tFlares, smoke signals, fire flares... whatever you are looking for in distress signals, you will find it here.\t\t\t\t\t\t<\/div>\n\t\t\t\t\t\n\t\t\t\t\t\t\t\t\t\t\t\t<a class=\"tm-button style-border-text tm-rotate-box-btn\"\n\t\t\t\t\t\t\t   href=\"http:\/\/ums.com.uy\/2022\/mar\/en\/product-category\/senales-de-socorro\/\"\n\t\t\t\t\t\t\t\t\t\t\t\t\t\t\t\t\ttarget=\"_blank\"\n\t\t\t\t\t\t\t\t\t\t\t\t\t\t\t>\n\t\t\t\t\t\t\t\t<span class=\"button-text\">Find out more<\/span>\n\t\t\t\t\t\t\t<\/a>\n\t\t\t\t\t\t\t\t\t\t<\/div>\n\t\t\t<\/div>\n\t\t<\/div>\n\t<\/div>\n<\/div>\n<\/div><\/div><\/div><div id=\"tm-column-69e767674b861\" class=\"wpb_column vc_column_container vc_col-sm-1\/5\"><div class=\"vc_column-inner\"><div class=\"wpb_wrapper\"><div class=\"tm-rotate-box  tm-animation move-up\" id=\"tm-rotate-box-69e767674bbab\">\n\t<div class=\"flipper to-top\">\n\t\t<div class=\"thumb-wrap\">\n\t\t\t<div class=\"box front\">\n\t\t\t\t<div class=\"content-wrap\">\n\t\t\t\t\t\t\t\t\t\t\t<h4 class=\"heading\">\n\t\t\t\t\t\t\tPersonal Survival Kit\t\t\t\t\t\t<\/h4>\n\t\t\t\t\t\n\t\t\t\t\t\n\t\t\t\t\t\t\t\t\t\t\t\t<a class=\"tm-button style-border-text tm-rotate-box-btn tm-button-default\"\n\t\t\t\t\t\t\t   href=\"http:\/\/ums.com.uy\/2022\/mar\/en\/product-category\/equipos-de-supervivencia-personal\/\"\n\t\t\t\t\t\t\t\t\t\t\t\t\t\t\t>\n\t\t\t\t\t\t\t\t<span class=\"button-text\"><\/span>\n\t\t\t\t\t\t\t<\/a>\n\t\t\t\t\t\t\t\t\t\t<\/div>\n\t\t\t<\/div>\n\t\t\t<div class=\"box back\">\n\t\t\t\t<div class=\"content-wrap\">\n\t\t\t\t\t\t\t\t\t\t\t<h4 class=\"heading\">\n\t\t\t\t\t\t\tPersonal Survival Kit\t\t\t\t\t\t<\/h4>\n\t\t\t\t\t\n\t\t\t\t\t\t\t\t\t\t\t<div class=\"text\">\n\t\t\t\t\t\t\tHoops, life jackets, immersion suits and more. Get to know our personal survival equipment.\t\t\t\t\t\t<\/div>\n\t\t\t\t\t\n\t\t\t\t\t\t\t\t\t\t\t\t<a class=\"tm-button style-border-text tm-rotate-box-btn\"\n\t\t\t\t\t\t\t   href=\"http:\/\/ums.com.uy\/2022\/mar\/en\/product-category\/equipos-de-supervivencia-personal\/\"\n\t\t\t\t\t\t\t\t\t\t\t\t\t\t\t\t\ttarget=\"_blank\"\n\t\t\t\t\t\t\t\t\t\t\t\t\t\t\t>\n\t\t\t\t\t\t\t\t<span class=\"button-text\">Find out more<\/span>\n\t\t\t\t\t\t\t<\/a>\n\t\t\t\t\t\t\t\t\t\t<\/div>\n\t\t\t<\/div>\n\t\t<\/div>\n\t<\/div>\n<\/div>\n<\/div><\/div><\/div><div id=\"tm-column-69e767674cb7b\" class=\"wpb_column vc_column_container vc_col-sm-1\/5\"><div class=\"vc_column-inner\"><div class=\"wpb_wrapper\"><div class=\"tm-rotate-box  tm-animation move-up\" id=\"tm-rotate-box-69e767674ceb8\">\n\t<div class=\"flipper to-top\">\n\t\t<div class=\"thumb-wrap\">\n\t\t\t<div class=\"box front\">\n\t\t\t\t<div class=\"content-wrap\">\n\t\t\t\t\t\t\t\t\t\t\t<h4 class=\"heading\">\n\t\t\t\t\t\t\tLiferafts and evacuation systems\t\t\t\t\t\t<\/h4>\n\t\t\t\t\t\n\t\t\t\t\t\n\t\t\t\t\t\t\t\t\t\t\t\t<a class=\"tm-button style-border-text tm-rotate-box-btn tm-button-default\"\n\t\t\t\t\t\t\t   href=\"http:\/\/ums.com.uy\/2022\/mar\/en\/product-category\/balsas-y-equipos-de-evacuacion\/\"\n\t\t\t\t\t\t\t\t\t\t\t\t\t\t\t>\n\t\t\t\t\t\t\t\t<span class=\"button-text\"><\/span>\n\t\t\t\t\t\t\t<\/a>\n\t\t\t\t\t\t\t\t\t\t<\/div>\n\t\t\t<\/div>\n\t\t\t<div class=\"box back\">\n\t\t\t\t<div class=\"content-wrap\">\n\t\t\t\t\t\t\t\t\t\t\t<h4 class=\"heading\">\n\t\t\t\t\t\t\tLiferafts and evacuation systems\t\t\t\t\t\t<\/h4>\n\t\t\t\t\t\n\t\t\t\t\t\t\t\t\t\t\t<div class=\"text\">\n\t\t\t\t\t\t\tRafts, boats and more, in evacuation systems. Find what you are looking for here.\t\t\t\t\t\t<\/div>\n\t\t\t\t\t\n\t\t\t\t\t\t\t\t\t\t\t\t<a class=\"tm-button style-border-text tm-rotate-box-btn\"\n\t\t\t\t\t\t\t   href=\"http:\/\/ums.com.uy\/2022\/mar\/en\/product-category\/balsas-y-equipos-de-evacuacion\/\"\n\t\t\t\t\t\t\t\t\t\t\t\t\t\t\t\t\ttarget=\"_blank\"\n\t\t\t\t\t\t\t\t\t\t\t\t\t\t\t>\n\t\t\t\t\t\t\t\t<span class=\"button-text\">Find out more<\/span>\n\t\t\t\t\t\t\t<\/a>\n\t\t\t\t\t\t\t\t\t\t<\/div>\n\t\t\t<\/div>\n\t\t<\/div>\n\t<\/div>\n<\/div>\n<\/div><\/div><\/div><div id=\"tm-column-69e767674e12c\" class=\"wpb_column vc_column_container vc_col-sm-1\/5\"><div class=\"vc_column-inner\"><div class=\"wpb_wrapper\"><div class=\"tm-rotate-box  tm-animation move-up\" id=\"tm-rotate-box-69e767674e45c\">\n\t<div class=\"flipper to-top\">\n\t\t<div class=\"thumb-wrap\">\n\t\t\t<div class=\"box front\">\n\t\t\t\t<div class=\"content-wrap\">\n\t\t\t\t\t\t\t\t\t\t\t<h4 class=\"heading\">\n\t\t\t\t\t\t\tRescue equipment and products\t\t\t\t\t\t<\/h4>\n\t\t\t\t\t\n\t\t\t\t\t\n\t\t\t\t\t\t\t\t\t\t\t\t<a class=\"tm-button style-border-text tm-rotate-box-btn tm-button-default\"\n\t\t\t\t\t\t\t   href=\"http:\/\/ums.com.uy\/2022\/mar\/en\/product-category\/materiales-y-equipos-de-salvamento\/\"\n\t\t\t\t\t\t\t\t\t\t\t\t\t\t\t>\n\t\t\t\t\t\t\t\t<span class=\"button-text\"><\/span>\n\t\t\t\t\t\t\t<\/a>\n\t\t\t\t\t\t\t\t\t\t<\/div>\n\t\t\t<\/div>\n\t\t\t<div class=\"box back\">\n\t\t\t\t<div class=\"content-wrap\">\n\t\t\t\t\t\t\t\t\t\t\t<h4 class=\"heading\">\n\t\t\t\t\t\t\tRescue equipment and products\t\t\t\t\t\t<\/h4>\n\t\t\t\t\t\n\t\t\t\t\t\t\t\t\t\t\t<div class=\"text\">\n\t\t\t\t\t\t\tEmergency water, thermal protections, and the best rations for your safety.\t\t\t\t\t\t<\/div>\n\t\t\t\t\t\n\t\t\t\t\t\t\t\t\t\t\t\t<a class=\"tm-button style-border-text tm-rotate-box-btn\"\n\t\t\t\t\t\t\t   href=\"http:\/\/ums.com.uy\/2022\/mar\/en\/product-category\/materiales-y-equipos-de-salvamento\/\"\n\t\t\t\t\t\t\t\t\t\t\t\t\t\t\t\t\ttarget=\"_blank\"\n\t\t\t\t\t\t\t\t\t\t\t\t\t\t\t>\n\t\t\t\t\t\t\t\t<span class=\"button-text\">Find out more<\/span>\n\t\t\t\t\t\t\t<\/a>\n\t\t\t\t\t\t\t\t\t\t<\/div>\n\t\t\t<\/div>\n\t\t<\/div>\n\t<\/div>\n<\/div>\n<\/div><\/div><\/div><div id=\"tm-column-69e767674f2f1\" class=\"wpb_column vc_column_container vc_col-sm-1\/5\"><div class=\"vc_column-inner\"><div class=\"wpb_wrapper\"><div class=\"tm-rotate-box  tm-animation move-up\" id=\"tm-rotate-box-69e767674f62b\">\n\t<div class=\"flipper to-top\">\n\t\t<div class=\"thumb-wrap\">\n\t\t\t<div class=\"box front\">\n\t\t\t\t<div class=\"content-wrap\">\n\t\t\t\t\t\t\t\t\t\t\t<h4 class=\"heading\">\n\t\t\t\t\t\t\tFire fighting equipment\t\t\t\t\t\t<\/h4>\n\t\t\t\t\t\n\t\t\t\t\t\n\t\t\t\t\t\t\t\t\t\t\t\t<a class=\"tm-button style-border-text tm-rotate-box-btn tm-button-default\"\n\t\t\t\t\t\t\t   href=\"http:\/\/ums.com.uy\/2022\/mar\/en\/product-category\/equipos-contra-incendios\/\"\n\t\t\t\t\t\t\t\t\t\t\t\t\t\t\t>\n\t\t\t\t\t\t\t\t<span class=\"button-text\"><\/span>\n\t\t\t\t\t\t\t<\/a>\n\t\t\t\t\t\t\t\t\t\t<\/div>\n\t\t\t<\/div>\n\t\t\t<div class=\"box back\">\n\t\t\t\t<div class=\"content-wrap\">\n\t\t\t\t\t\t\t\t\t\t\t<h4 class=\"heading\">\n\t\t\t\t\t\t\tFire fighting equipment\t\t\t\t\t\t<\/h4>\n\t\t\t\t\t\n\t\t\t\t\t\t\t\t\t\t\t<div class=\"text\">\n\t\t\t\t\t\t\tFire fighting equipment, gloves, boots, fire extinguishers and more. Find what you need.\t\t\t\t\t\t<\/div>\n\t\t\t\t\t\n\t\t\t\t\t\t\t\t\t\t\t\t<a class=\"tm-button style-border-text tm-rotate-box-btn\"\n\t\t\t\t\t\t\t   href=\"http:\/\/ums.com.uy\/2022\/mar\/en\/product-category\/equipos-contra-incendios\/\"\n\t\t\t\t\t\t\t\t\t\t\t\t\t\t\t\t\ttarget=\"_blank\"\n\t\t\t\t\t\t\t\t\t\t\t\t\t\t\t>\n\t\t\t\t\t\t\t\t<span class=\"button-text\">Find out more<\/span>\n\t\t\t\t\t\t\t<\/a>\n\t\t\t\t\t\t\t\t\t\t<\/div>\n\t\t\t<\/div>\n\t\t<\/div>\n\t<\/div>\n<\/div>\n<\/div><\/div><\/div><\/div><div id=\"tm-row-69e76767506d8\" class=\"vc_row vc_row-outer vc_row-fluid\"><div id=\"tm-column-69e7676750ac0\" class=\"wpb_column vc_column_container vc_col-sm-12\"><div class=\"vc_column-inner\"><div class=\"wpb_wrapper\"><div class=\"tm-spacer\" id=\"tm-spacer-69e7676750ced\"><\/div>\n<\/div><\/div><\/div><\/div><div id=\"tm-row-69e767675108e\" class=\"vc_row vc_row-outer vc_row-fluid\"><div id=\"tm-column-69e76767513b4\" class=\"wpb_column vc_column_container vc_col-sm-3\"><div class=\"vc_column-inner\"><div class=\"wpb_wrapper\"><\/div><\/div><\/div><div id=\"tm-column-69e7676751639\" class=\"wpb_column vc_column_container vc_col-sm-3\"><div class=\"vc_column-inner\"><div class=\"wpb_wrapper\"><\/div><\/div><\/div><div id=\"tm-column-69e7676751883\" class=\"wpb_column vc_column_container vc_col-sm-3\"><div class=\"vc_column-inner\"><div class=\"wpb_wrapper\"><\/div><\/div><\/div><div id=\"tm-column-69e7676751acf\" class=\"wpb_column vc_column_container vc_col-sm-3\"><div class=\"vc_column-inner\"><div class=\"wpb_wrapper\"><\/div><\/div><\/div><\/div>\n<\/div>","protected":false},"excerpt":{"rendered":"Chalecos salvavidas, trajes de inmersi\u00f3n, bengalas, se\u00f1ales de humo y m\u00e1s... Todo lo que necesit\u00e1s para tu seguridad mar\u00edtima lo pod\u00e9s encontrar en nuestra secci\u00f3n de productos. Naveg\u00e1 entre las categor\u00edas principales y ponete en contacto con nosotros para poder asesorarte de la mejor manera. Somos UMS, we serve to save lives. Se\u00f1ales de Socorro Se\u00f1ales de Socorro Bengalas, se\u00f1ales de humo, lanzacabos...lo que est\u00e9s buscando en Se\u00f1ales de Socorro, lo encontr\u00e1s aqu\u00ed Conocelos aqu\u00ed Equipo de Supervivencia Personal Equipo de Supervivencia Personal Aros, chalecos salvavidas, trajes de inmersi\u00f3n y m\u00e1s. Conoc\u00e9 los equipos de supervivencia personal. Conocelas aqu\u00ed Balsas y sistemas de evacuaci\u00f3n Balsas y sistemas de evacuaci\u00f3n Balsas, botes, camillas de rescate y m\u00e1s, en sistemas de evacuaci\u00f3n. Encontr\u00e1 lo que buscas aqu\u00ed. Conocelos aqu\u00ed Materiales y equipos de salvamento Materiales y equipos de salvamento Agua de emergencia, protecciones t\u00e9rmicas, y las mejores raciones para tu seguridad. Conocelas aqu\u00ed Equipos contra incendios Equipos contra incendios Equipos contra incendios, guantes, botas, extintores y m\u00e1s. Encontr\u00e1 lo que necesit\u00e1s contra incendios. Conocelos aqu\u00ed","protected":false},"author":1,"featured_media":0,"parent":0,"menu_order":0,"comment_status":"closed","ping_status":"closed","template":"","meta":{"footnotes":""},"class_list":["post-5213","page","type-page","status-publish","hentry","post-no-thumbnail"],"jetpack_sharing_enabled":true,"_links":{"self":[{"href":"https:\/\/ums.com.uy\/2022\/mar\/en\/wp-json\/wp\/v2\/pages\/5213","targetHints":{"allow":["GET"]}}],"collection":[{"href":"https:\/\/ums.com.uy\/2022\/mar\/en\/wp-json\/wp\/v2\/pages"}],"about":[{"href":"https:\/\/ums.com.uy\/2022\/mar\/en\/wp-json\/wp\/v2\/types\/page"}],"author":[{"embeddable":true,"href":"https:\/\/ums.com.uy\/2022\/mar\/en\/wp-json\/wp\/v2\/users\/1"}],"replies":[{"embeddable":true,"href":"https:\/\/ums.com.uy\/2022\/mar\/en\/wp-json\/wp\/v2\/comments?post=5213"}],"version-history":[{"count":46,"href":"https:\/\/ums.com.uy\/2022\/mar\/en\/wp-json\/wp\/v2\/pages\/5213\/revisions"}],"predecessor-version":[{"id":5459,"href":"https:\/\/ums.com.uy\/2022\/mar\/en\/wp-json\/wp\/v2\/pages\/5213\/revisions\/5459"}],"wp:attachment":[{"href":"https:\/\/ums.com.uy\/2022\/mar\/en\/wp-json\/wp\/v2\/media?parent=5213"}],"curies":[{"name":"wp","href":"https:\/\/api.w.org\/{rel}","templated":true}]}}