{"id":5410,"date":"2022-07-05T16:24:47","date_gmt":"2022-07-05T19:24:47","guid":{"rendered":"http:\/\/ums.com.uy\/2022\/mar\/?page_id=5410"},"modified":"2022-07-05T16:25:59","modified_gmt":"2022-07-05T19:25:59","slug":"noticias","status":"publish","type":"page","link":"https:\/\/ums.com.uy\/2022\/mar\/en\/noticias\/","title":{"rendered":"News &amp; articles"},"content":{"rendered":"<div class=\"wpb-content-wrapper\"><div id=\"tm-row-69e86feb077ea\" class=\"vc_row vc_row-outer vc_row-fluid\"><div id=\"tm-column-69e86feb07e41\" class=\"wpb_column vc_column_container vc_col-sm-12\"><div class=\"vc_column-inner\"><div class=\"wpb_wrapper\">\n<div class=\"vc_grid-container-wrapper vc_clearfix vc_grid-animation-fadeIn\">\n\t<div class=\"vc_grid-container vc_clearfix wpb_content_element vc_basic_grid\" data-initial-loading-animation=\"fadeIn\" data-vc-grid-settings=\"{&quot;page_id&quot;:5410,&quot;style&quot;:&quot;all&quot;,&quot;action&quot;:&quot;vc_get_vc_grid_data&quot;,&quot;shortcode_id&quot;:&quot;1657049022800-7da63f21-0de1-0&quot;,&quot;tag&quot;:&quot;vc_basic_grid&quot;}\" data-vc-request=\"https:\/\/ums.com.uy\/2022\/mar\/wp-admin\/admin-ajax.php\" data-vc-post-id=\"5410\" data-vc-public-nonce=\"39a47862e3\">\n\t\t<style data-type=\"vc_shortcodes-custom-css\">.vc_custom_1419240516480{background-color: #f9f9f9 !important;}<\/style><div class=\"vc_grid vc_row vc_grid-gutter-30px vc_pageable-wrapper vc_hook_hover\" data-vc-pageable-content=\"true\"><div class=\"vc_pageable-slide-wrapper vc_clearfix\" data-vc-grid-content=\"true\"><div class=\"vc_grid-item vc_clearfix vc_col-sm-4 vc_grid-item-zone-c-bottom\"><div class=\"vc_grid-item-mini vc_clearfix\"><div class=\"vc_gitem-animated-block\" ><div class=\"vc_gitem-zone vc_gitem-zone-a vc-gitem-zone-height-mode-auto vc-gitem-zone-height-mode-auto-1-1 vc_gitem-is-link\" style=\"background-image: url('https:\/\/i0.wp.com\/ums.com.uy\/2022\/mar\/wp-content\/uploads\/2018\/05\/Velas-Latinoamerica-2022-5-scaled-1200x600-1.jpg?fit=640%2C320&ssl=1') !important;\"><a href=\"https:\/\/ums.com.uy\/2022\/mar\/en\/2022\/07\/05\/velas-latinoamerica-2022-arriba-a-punta-arenas\/\" title=\"Velas Latinoam\u00e9rica 2022 arrives to Punta Arenas\" class=\"vc_gitem-link vc-zone-link\" ><\/a><img decoding=\"async\" class=\"vc_gitem-zone-img\" src=\"https:\/\/i0.wp.com\/ums.com.uy\/2022\/mar\/wp-content\/uploads\/2018\/05\/Velas-Latinoamerica-2022-5-scaled-1200x600-1.jpg?fit=640%2C320&ssl=1\" alt=\"Velas Latinoam\u00e9rica 2022 arriba a Punta Arenas\" loading=\"lazy\"><div class=\"vc_gitem-zone-mini\"><\/div><\/div><\/div><div class=\"vc_gitem-zone vc_gitem-zone-c vc_custom_1419240516480\"><div class=\"vc_gitem-zone-mini\"><div class=\"vc_gitem_row vc_row vc_gitem-row-position-top\"><div class=\"vc_col-sm-12 vc_gitem-col vc_gitem-col-align-\"><div class=\"vc_custom_heading vc_gitem-post-data vc_gitem-post-data-source-post_title\" ><h4 style=\"text-align: left\" >Velas Latinoam\u00e9rica 2022 arrives to Punta Arenas<\/h4><\/div><div class=\"vc_custom_heading vc_gitem-post-data vc_gitem-post-data-source-post_excerpt\" ><p style=\"text-align: left\" ><p>On the morning of Friday, March 25, the sailboats participating in Velas Latinoam\u00e9rica 2022 arrived at the Prat dock in the city of Punta Arenas.<\/p>\n<\/p><\/div><div class=\"vc_btn3-container vc_btn3-left\"><a class=\"vc_general vc_btn3 vc_btn3-size-md vc_btn3-shape-rounded vc_btn3-style-flat vc_btn3-color-juicy-pink\" a href=\"https:\/\/ums.com.uy\/2022\/mar\/en\/2022\/07\/05\/velas-latinoamerica-2022-arriba-a-punta-arenas\/\" title=\"Read more\">Read more<\/a><\/div><\/div><\/div><\/div><\/div><\/div><div class=\"vc_clearfix\"><\/div><\/div><div class=\"vc_grid-item vc_clearfix vc_col-sm-4 vc_grid-item-zone-c-bottom\"><div class=\"vc_grid-item-mini vc_clearfix\"><div class=\"vc_gitem-animated-block\" ><div class=\"vc_gitem-zone vc_gitem-zone-a vc-gitem-zone-height-mode-auto vc-gitem-zone-height-mode-auto-1-1 vc_gitem-is-link\" style=\"background-image: url('https:\/\/i0.wp.com\/ums.com.uy\/2022\/mar\/wp-content\/uploads\/2020\/09\/Puerto_de_Montevideo_Cuidad_Vieja_y_Puerto_de_Montevideo_131003-0879-jikatu_10099992434_cropped.jpg?fit=640%2C395&ssl=1') !important;\"><a href=\"https:\/\/ums.com.uy\/2022\/mar\/en\/2022\/07\/05\/uruguay-ofrece-su-logistica-portuaria-para-apoyar-exportaciones-paraguayas\/\" title=\"Uruguay offers its port logistics to support Paraguayan exports\" class=\"vc_gitem-link vc-zone-link\" ><\/a><img decoding=\"async\" class=\"vc_gitem-zone-img\" src=\"https:\/\/i0.wp.com\/ums.com.uy\/2022\/mar\/wp-content\/uploads\/2020\/09\/Puerto_de_Montevideo_Cuidad_Vieja_y_Puerto_de_Montevideo_131003-0879-jikatu_10099992434_cropped.jpg?fit=640%2C395&ssl=1\" alt=\"Uruguay ofrece su log\u00edstica portuaria para apoyar exportaciones paraguayas\" loading=\"lazy\"><div class=\"vc_gitem-zone-mini\"><\/div><\/div><\/div><div class=\"vc_gitem-zone vc_gitem-zone-c vc_custom_1419240516480\"><div class=\"vc_gitem-zone-mini\"><div class=\"vc_gitem_row vc_row vc_gitem-row-position-top\"><div class=\"vc_col-sm-12 vc_gitem-col vc_gitem-col-align-\"><div class=\"vc_custom_heading vc_gitem-post-data vc_gitem-post-data-source-post_title\" ><h4 style=\"text-align: left\" >Uruguay offers its port logistics to support Paraguayan exports<\/h4><\/div><div class=\"vc_custom_heading vc_gitem-post-data vc_gitem-post-data-source-post_excerpt\" ><p style=\"text-align: left\" ><p>El Presidente de Uruguay, Luis Lacalle Pou, indic\u00f3 que la posici\u00f3n geogr\u00e1fica y vocaci\u00f3n portuaria de su pa\u00eds ser\u00e1n de gran utilidad para que la producci\u00f3n paraguaya crezca en su producci\u00f3n y exportaci\u00f3n.<\/p>\n<\/p><\/div><div class=\"vc_btn3-container vc_btn3-left\"><a class=\"vc_general vc_btn3 vc_btn3-size-md vc_btn3-shape-rounded vc_btn3-style-flat vc_btn3-color-juicy-pink\" a href=\"https:\/\/ums.com.uy\/2022\/mar\/en\/2022\/07\/05\/uruguay-ofrece-su-logistica-portuaria-para-apoyar-exportaciones-paraguayas\/\" title=\"Read more\">Read more<\/a><\/div><\/div><\/div><\/div><\/div><\/div><div class=\"vc_clearfix\"><\/div><\/div><div class=\"vc_grid-item vc_clearfix vc_col-sm-4 vc_grid-item-zone-c-bottom\"><div class=\"vc_grid-item-mini vc_clearfix\"><div class=\"vc_gitem-animated-block\" ><div class=\"vc_gitem-zone vc_gitem-zone-a vc-gitem-zone-height-mode-auto vc-gitem-zone-height-mode-auto-1-1 vc_gitem-is-link\" style=\"background-image: url('https:\/\/i0.wp.com\/ums.com.uy\/2022\/mar\/wp-content\/uploads\/2018\/05\/Viking-Mars.jpg?fit=640%2C479&ssl=1') !important;\"><a href=\"https:\/\/ums.com.uy\/2022\/mar\/en\/2022\/07\/05\/viking-recibe-a-su-nuevo-crucero-de-la-mano-de-fincantieri\/\" title=\"Viking welcomes its new cruise ship from Fincantieri\" class=\"vc_gitem-link vc-zone-link\" ><\/a><img decoding=\"async\" class=\"vc_gitem-zone-img\" src=\"https:\/\/i0.wp.com\/ums.com.uy\/2022\/mar\/wp-content\/uploads\/2018\/05\/Viking-Mars.jpg?fit=640%2C479&ssl=1\" alt=\"Viking recibe a su nuevo crucero de la mano de Fincantieri\" loading=\"lazy\"><div class=\"vc_gitem-zone-mini\"><\/div><\/div><\/div><div class=\"vc_gitem-zone vc_gitem-zone-c vc_custom_1419240516480\"><div class=\"vc_gitem-zone-mini\"><div class=\"vc_gitem_row vc_row vc_gitem-row-position-top\"><div class=\"vc_col-sm-12 vc_gitem-col vc_gitem-col-align-\"><div class=\"vc_custom_heading vc_gitem-post-data vc_gitem-post-data-source-post_title\" ><h4 style=\"text-align: left\" >Viking welcomes its new cruise ship from Fincantieri<\/h4><\/div><div class=\"vc_custom_heading vc_gitem-post-data vc_gitem-post-data-source-post_excerpt\" ><p style=\"text-align: left\" ><p>Viking recibi\u00f3, de la mano de Fincantieri, su nuevo crucero. Se trata de la nave Viking Mars, la cual fue construida en el astillero de Ancona.<\/p>\n<\/p><\/div><div class=\"vc_btn3-container vc_btn3-left\"><a class=\"vc_general vc_btn3 vc_btn3-size-md vc_btn3-shape-rounded vc_btn3-style-flat vc_btn3-color-juicy-pink\" a href=\"https:\/\/ums.com.uy\/2022\/mar\/en\/2022\/07\/05\/viking-recibe-a-su-nuevo-crucero-de-la-mano-de-fincantieri\/\" title=\"Read more\">Read more<\/a><\/div><\/div><\/div><\/div><\/div><\/div><div class=\"vc_clearfix\"><\/div><\/div><\/div><\/div>\n\t<\/div>\n<\/div><\/div><\/div><\/div><\/div>\n<\/div>","protected":false},"excerpt":{"rendered":"Velas Latinoam\u00e9rica 2022 arriba a Punta ArenasEn la ma\u00f1ana del viernes 25 de marzo recalaron en el muelle Prat, de la ciudad de Punta Arenas, los veleros que participan de Velas Latinoam\u00e9rica 2022. Read moreUruguay ofrece su log\u00edstica portuaria para apoyar exportaciones paraguayasEl Presidente de Uruguay, Luis Lacalle Pou, indic\u00f3 que la posici\u00f3n geogr\u00e1fica y vocaci\u00f3n portuaria de su pa\u00eds ser\u00e1n de gran utilidad para que la producci\u00f3n paraguaya crezca en su producci\u00f3n y exportaci\u00f3n. Read moreViking recibe a su nuevo crucero de la mano de FincantieriViking recibi\u00f3, de la mano de Fincantieri, su nuevo crucero. Se trata de la nave Viking Mars, la cual fue construida en el astillero de Ancona. Read more","protected":false},"author":1,"featured_media":0,"parent":0,"menu_order":0,"comment_status":"closed","ping_status":"closed","template":"","meta":{"footnotes":""},"class_list":["post-5410","page","type-page","status-publish","hentry","post-no-thumbnail"],"jetpack_sharing_enabled":true,"_links":{"self":[{"href":"https:\/\/ums.com.uy\/2022\/mar\/en\/wp-json\/wp\/v2\/pages\/5410","targetHints":{"allow":["GET"]}}],"collection":[{"href":"https:\/\/ums.com.uy\/2022\/mar\/en\/wp-json\/wp\/v2\/pages"}],"about":[{"href":"https:\/\/ums.com.uy\/2022\/mar\/en\/wp-json\/wp\/v2\/types\/page"}],"author":[{"embeddable":true,"href":"https:\/\/ums.com.uy\/2022\/mar\/en\/wp-json\/wp\/v2\/users\/1"}],"replies":[{"embeddable":true,"href":"https:\/\/ums.com.uy\/2022\/mar\/en\/wp-json\/wp\/v2\/comments?post=5410"}],"version-history":[{"count":2,"href":"https:\/\/ums.com.uy\/2022\/mar\/en\/wp-json\/wp\/v2\/pages\/5410\/revisions"}],"predecessor-version":[{"id":5415,"href":"https:\/\/ums.com.uy\/2022\/mar\/en\/wp-json\/wp\/v2\/pages\/5410\/revisions\/5415"}],"wp:attachment":[{"href":"https:\/\/ums.com.uy\/2022\/mar\/en\/wp-json\/wp\/v2\/media?parent=5410"}],"curies":[{"name":"wp","href":"https:\/\/api.w.org\/{rel}","templated":true}]}}