{"id":5292,"date":"2021-08-04T16:37:16","date_gmt":"2021-08-04T19:37:16","guid":{"rendered":"http:\/\/ums.com.uy\/2022\/mar\/?post_type=product&#038;p=5292"},"modified":"2021-08-04T16:37:16","modified_gmt":"2021-08-04T19:37:16","slug":"cuna-de-cubierta-galvanizada-incluido-el-amarre-para-10-16dk","status":"publish","type":"product","link":"https:\/\/ums.com.uy\/2022\/mar\/producto\/cuna-de-cubierta-galvanizada-incluido-el-amarre-para-10-16dk\/","title":{"rendered":"Cuna de cubierta galvanizada, incluido el amarre para 10-16DK+"},"content":{"rendered":"<p>La cuna se adapta a los siguientes tama\u00f1os de balsas salvavidas:<\/p>\n<ul>\n<li>10DK+<\/li>\n<li>12DK+<\/li>\n<li>16DK+<\/li>\n<\/ul>\n<p><strong>Especificaciones:<\/strong><\/p>\n<ul>\n<li>Material:Acero negro (S235JR\/EN10025\/SS400\/TIS1479)<\/li>\n<li>Dimensiones:H340xW500xD550 mm<\/li>\n<li>Peso: 9,5 kg<\/li>\n<li>Tratamiento superficial:Galvanizado en caliente clase A JF, DS\/ISO 1462<\/li>\n<li>Soldadura:Seg\u00fan DS\/EN 30042 clase C<\/li>\n<li>Trinca para la fijaci\u00f3n de la balsa salvavidas: Incluido<\/li>\n<\/ul>\n","protected":false},"excerpt":{"rendered":"<p>Una cuna de cubierta est\u00e1ndar dise\u00f1ada para cumplir los requisitos de estiba de su balsa salvavidas VIKING en un entorno marino y de alta mar. Una estructura probada que ha sido utilizada por VIKING durante d\u00e9cadas.\u00a0La cuna debe montarse atornill\u00e1ndola al soporte de cimentaci\u00f3n del casco.<\/p>\n<p>Los pernos, arandelas y tuercas no ser\u00e1n suministrados por VIKING, ya que pueden diferir en longitud dependiendo de la cimentaci\u00f3n del soporte a bordo. Los orificios de cimentaci\u00f3n preperforados tienen un di\u00e1metro de \u00d812.<\/p>\n","protected":false},"featured_media":5293,"comment_status":"open","ping_status":"closed","template":"","meta":[],"product_brand":[],"product_cat":[75],"product_tag":[127,128,125],"class_list":{"0":"post-5292","1":"product","2":"type-product","3":"status-publish","4":"has-post-thumbnail","6":"product_cat-balsas-y-equipos-de-evacuacion","7":"product_tag-cuna","8":"product_tag-varadero","9":"product_tag-viking","11":"first","12":"instock","13":"shipping-taxable","14":"product-type-simple"},"jetpack_sharing_enabled":true,"_links":{"self":[{"href":"https:\/\/ums.com.uy\/2022\/mar\/wp-json\/wp\/v2\/product\/5292","targetHints":{"allow":["GET"]}}],"collection":[{"href":"https:\/\/ums.com.uy\/2022\/mar\/wp-json\/wp\/v2\/product"}],"about":[{"href":"https:\/\/ums.com.uy\/2022\/mar\/wp-json\/wp\/v2\/types\/product"}],"replies":[{"embeddable":true,"href":"https:\/\/ums.com.uy\/2022\/mar\/wp-json\/wp\/v2\/comments?post=5292"}],"wp:featuredmedia":[{"embeddable":true,"href":"https:\/\/ums.com.uy\/2022\/mar\/wp-json\/wp\/v2\/media\/5293"}],"wp:attachment":[{"href":"https:\/\/ums.com.uy\/2022\/mar\/wp-json\/wp\/v2\/media?parent=5292"}],"wp:term":[{"taxonomy":"product_brand","embeddable":true,"href":"https:\/\/ums.com.uy\/2022\/mar\/wp-json\/wp\/v2\/product_brand?post=5292"},{"taxonomy":"product_cat","embeddable":true,"href":"https:\/\/ums.com.uy\/2022\/mar\/wp-json\/wp\/v2\/product_cat?post=5292"},{"taxonomy":"product_tag","embeddable":true,"href":"https:\/\/ums.com.uy\/2022\/mar\/wp-json\/wp\/v2\/product_tag?post=5292"}],"curies":[{"name":"wp","href":"https:\/\/api.w.org\/{rel}","templated":true}]}}