{"id":1001,"date":"2018-08-06T01:54:22","date_gmt":"2018-08-06T01:54:22","guid":{"rendered":""},"modified":"2022-09-29T22:58:24","modified_gmt":"2022-09-30T01:58:24","slug":"quienes-somos","status":"publish","type":"page","link":"https:\/\/ums.com.uy\/2022\/tierra\/en\/quienes-somos\/","title":{"rendered":"About us"},"content":{"rendered":"<div class=\"wpb-content-wrapper\"><div id=\"tm-row-69f85cc39f137\" data-vc-full-width=\"true\" data-vc-full-width-init=\"false\" data-vc-stretch-content=\"true\" class=\"vc_row vc_row-outer vc_row-fluid vc_container-has-overlay vc_row-o-content-middle vc_row-flex\"><div class=\"vc_container-overlay\"><\/div><div id=\"tm-column-69f85cc39fe3e\" class=\"wpb_column vc_column_container vc_col-sm-12 vc_col-md-6\"><div class=\"vc_column-inner\"><div class=\"wpb_wrapper\"><div id=\"tm-row-inner-69f85cc3a084e\" class=\"vc_row vc_inner vc_row-fluid\"><div id=\"tm-column-inner-69f85cc3a10fc\" class=\"wpb_column vc_column_container vc_col-sm-12\"><div class=\"vc_column-inner\"><div class=\"wpb_wrapper\">\n<div class=\"tm-heading  left tm-animation move-up\" id=\"tm-heading-69f85cc3a166d\">\n\t<h4 class=\"heading\" style=\"\">Since 1978 we have been working to safeguard life at sea, striving for excellence in our services.<\/h4><\/div>\n\n<\/div><\/div><\/div><\/div><div class=\"tm-spacer\" id=\"tm-spacer-69f85cc3a1df3\"><\/div>\n<\/div><\/div><\/div><div id=\"tm-column-69f85cc3a1f33\" class=\"wpb_column vc_column_container vc_col-sm-12 vc_col-md-6\"><div class=\"vc_column-inner\"><div class=\"wpb_wrapper\"><div class=\"tm-grid-wrapper tm-grid-group\" id=\"tm-grid-69f85cc3a23ff\"\n     data-item-wrap=\"1\"\n>\n\n\t<div class=\"tm-grid modern-grid has-animation move-up\">\n\t\t<div class=\"tm-box-icon  align-left style-02 tm-animation move-up\" id=\"tm-box-icon-69f85cc3a2962\">\n\t\n\t\n\t<div class=\"content-wrap\">\n\t\t\n\n<div class=\"content-inner\">\n\t\t\t\t\t\t\t\t<div class=\"icon\">\n\t\t\t\t\t\t<span class=\"ion-ios-infinite\"><\/span>\n\t\t\t\t\t<\/div>\n\t\t\t\t\t\t\n\t<div class=\"content\">\n\t\t\t\t\t<h4 class=\"heading\">\n\t\t\t\t\n\t\t\t\t\tVision\n\t\t\t\t\t\t\t\t<\/h4>\n\t\t\n\t\t\t\t\t<div class=\"text\">We will be the Uruguayan company of reference at national and international level for its excellence in quality and efficiency in the supply of products and services for the survival and protection of life and property at sea, in the air and on land.<\/div>\t\t\n\t\t\n\t\t\t\n\t\t\n\t<\/div>\n<\/div>\n\t<\/div>\n\n\t\n<\/div>\n<div class=\"tm-box-icon  align-left style-02 tm-animation move-up\" id=\"tm-box-icon-69f85cc3a7948\">\n\t\n\t\n\t<div class=\"content-wrap\">\n\t\t\n\n<div class=\"content-inner\">\n\t\t\t\t\t\t\t\t<div class=\"icon\">\n\t\t\t\t\t\t<span class=\"ion-android-contacts\"><\/span>\n\t\t\t\t\t<\/div>\n\t\t\t\t\t\t\n\t<div class=\"content\">\n\t\t\t\t\t<h4 class=\"heading\">\n\t\t\t\t\n\t\t\t\t\tRelationship\n\t\t\t\t\t\t\t\t<\/h4>\n\t\t\n\t\t\t\t\t<div class=\"text\">We create and maintain with clients, users and suppliers, a relationship on a human scale, being commercially flexible, technically reliable and adapting to the needs of the national, regional and global market. Our work has a social role, providing quality services to protect human life and the environment.<\/div>\t\t\n\t\t\n\t\t\t\n\t\t\n\t<\/div>\n<\/div>\n\t<\/div>\n\n\t\n<\/div>\n<div class=\"tm-box-icon  align-left style-02 tm-animation move-up\" id=\"tm-box-icon-69f85cc3a7fd7\">\n\t\n\t\n\t<div class=\"content-wrap\">\n\t\t\n\n<div class=\"content-inner\">\n\t\t\t\t\t\t\t\t<div class=\"icon\">\n\t\t\t\t\t\t<span class=\"ion-android-checkmark-circle\"><\/span>\n\t\t\t\t\t<\/div>\n\t\t\t\t\t\t\n\t<div class=\"content\">\n\t\t\t\t\t<h4 class=\"heading\">\n\t\t\t\t\n\t\t\t\t\tApprovals\n\t\t\t\t\t\t\t\t<\/h4>\n\t\t\n\t\t\t\t\t<div class=\"text\">UMS is approved by Prefectura Nacional Naval (Uruguayan Maritime Authority), Lloyd's Register of Shipping, DNV-GL, American Bureau of Shipping, Bureau Veritas, Nippon Kaiji Kyokai, RINA, China Classification Society, International Register of Shipping and Korean Register. The fire fighting plant, inaugurated on January 1, 2004, is approved by DNB, UNIT and PNN.<\/div>\t\t\n\t\t\n\t\t\t\n\t\t\n\t<\/div>\n<\/div>\n\t<\/div>\n\n\t\n<\/div>\n<div class=\"tm-box-icon  align-left style-02 tm-animation move-up\" id=\"tm-box-icon-69f85cc3a85ab\">\n\t\n\t\n\t<div class=\"content-wrap\">\n\t\t\n\n<div class=\"content-inner\">\n\t\t\t\t\t\t\t\t<div class=\"icon\">\n\t\t\t\t\t\t<span class=\"ion-pinpoint\"><\/span>\n\t\t\t\t\t<\/div>\n\t\t\t\t\t\t\n\t<div class=\"content\">\n\t\t\t\t\t<h4 class=\"heading\">\n\t\t\t\t\n\t\t\t\t\tCoverage area\n\t\t\t\t\t\t\t\t<\/h4>\n\t\t\n\t\t\t\t\t<div class=\"text\">UMS is able to offer a complete range of services in the Uruguayan territory as a whole, service area (Montevideo Road), main ports of Argentina and the State of Rio Grande do Sul (Brazil).<\/div>\t\t\n\t\t\n\t\t\t\n\t\t\n\t<\/div>\n<\/div>\n\t<\/div>\n\n\t\n<\/div>\n\t<\/div>\n\n<\/div>\n\n\n<\/div><\/div><\/div><\/div><div class=\"vc_row-full-width vc_clearfix\"><\/div><div id=\"tm-row-69f85cc3a8cdd\" class=\"vc_row vc_row-outer vc_row-fluid vc_row-o-content-middle vc_row-flex\"><div id=\"tm-column-69f85cc3a8fd6\" class=\"wpb_column vc_column_container vc_col-sm-12 vc_col-md-6\"><div class=\"vc_column-inner\"><div class=\"wpb_wrapper\">\n<div class=\"tm-heading  left tm-animation move-up\" id=\"tm-heading-69f85cc3a932e\">\n\t<h3 class=\"heading\" style=\"\">Uruguayan Marine Safety<\/h3><\/div>\n\n<div class=\"tm-spacer\" id=\"tm-spacer-69f85cc3a96df\"><\/div>\n\n<div class=\"tm-heading  left tm-animation move-up\" id=\"tm-heading-69f85cc3a98a3\">\n\t<h3 class=\"heading\" style=\"\">A company that seeks excellence in service. Always.<\/h3><\/div>\n\n\n\t<div class=\"wpb_text_column wpb_content_element tm-animation move-up\" >\n\t\t<div class=\"wpb_wrapper\">\n\t\t\t<p><span style=\"font-size: medium;\">URUGUAYAN MARINE SAFETY was founded on September 14, 1978. Since then, its activity has been focused on consulting, sales and maintenance of rescue, survival and fire fighting equipment.<\/span><\/p>\n<p><span style=\"font-size: medium;\">The global reality forces us to strive every day to find out what are the needs of our customers and to successfully meet their demands through training, investment in infrastructure, equipment and R&amp;D.<\/span><\/p>\n<p><span style=\"font-size: medium;\">UMS has a staff that is in continuous training, attending various courses abroad and within the country to provide the client with services in accordance with the internationally required standards.<\/span><\/p>\n\n\t\t<\/div>\n\t<\/div>\n<div class=\"tm-spacer\" id=\"tm-spacer-69f85cc3aa6d8\"><\/div>\n<\/div><\/div><\/div><div id=\"tm-column-69f85cc3aa86c\" class=\"wpb_column vc_column_container vc_col-sm-12 vc_col-md-6\"><div class=\"vc_column-inner\"><div class=\"wpb_wrapper\"><div class=\"tm-image  tm-animation move-up\" id=\"tm-image-69f85cc3aad00\">\n\t\t\t<div class=\"image\"><img decoding=\"async\" src=\"https:\/\/ums.com.uy\/2022\/tierra\/wp-content\/uploads\/2022\/09\/UMS-equipo.jpg\" alt=\"UMS equipo\" \/><\/div>\t<\/div>\n<div class=\"tm-spacer\" id=\"tm-spacer-69f85cc3ab30d\"><\/div>\n<div class=\"tm-spacer\" id=\"tm-spacer-69f85cc3ab388\"><\/div>\n<\/div><\/div><\/div><\/div><div id=\"tm-row-69f85cc3ab66f\" class=\"vc_row vc_row-outer vc_row-fluid\"><div id=\"tm-column-69f85cc3ab9a0\" class=\"wpb_column vc_column_container vc_col-sm-12\"><div class=\"vc_column-inner\"><div class=\"wpb_wrapper\">\n<div class=\"tm-heading  left tm-animation move-up\" id=\"tm-heading-69f85cc3abcea\">\n\t<div class=\"heading\" style=\"\">Our vocation is to provide the client with absolute safety and quality in both the services and the products we offer, which together with our long trajectory ensure the performance of the requested works with the highest efficiency, following the criteria and rules established by the different manufacturers, the IMO, the Uruguayan maritime authority (PNN) and the different worldwide recognized classification societies.<\/div><\/div>\n\n<div class=\"tm-spacer\" id=\"tm-spacer-69f85cc3ac07c\"><\/div>\n\n<div class=\"tm-heading  left tm-animation move-up\" id=\"tm-heading-69f85cc3ac2c7\">\n\t<h3 class=\"heading\" style=\"\">Our Management System<\/h3><\/div>\n\n\n<div class=\"tm-heading  left tm-animation move-up\" id=\"tm-heading-69f85cc3ac79a\">\n\t<div class=\"heading\" style=\"\">We are constantly committed to our integrated management system (Quality Management and Occupational Health and Safety), certified under ISO 9001:2015 and ISO 45001:2018 standards.<\/div><\/div>\n\n<div class=\"tm-spacer\" id=\"tm-spacer-69f85cc3acb3b\"><\/div>\n<\/div><\/div><\/div><\/div><div id=\"tm-row-69f85cc3ace04\" class=\"vc_row vc_row-outer vc_row-fluid\"><div id=\"tm-column-69f85cc3ad117\" class=\"wpb_column vc_column_container vc_col-sm-3\"><div class=\"vc_column-inner\"><div class=\"wpb_wrapper\"><div class=\"tm-image  tm-animation move-up\" id=\"tm-image-69f85cc3ad383\">\n\t\t\t<div class=\"tm-light-gallery\"><a href=\"https:\/\/ums.com.uy\/2022\/tierra\/wp-content\/uploads\/2022\/09\/FCR-ISO-45001-UMS-12-09-2024.jpg\" class=\"zoom\"><div class=\"image\"><img decoding=\"async\" src=\"https:\/\/ums.com.uy\/2022\/tierra\/wp-content\/uploads\/2022\/09\/FCR-ISO-45001-UMS-12-09-2024.jpg\" alt=\"FCR-ISO-45001-UMS-12-09-2024\" \/><\/div><\/a><\/div>\t<\/div>\n<\/div><\/div><\/div><div id=\"tm-column-69f85cc3adad3\" class=\"wpb_column vc_column_container vc_col-sm-3\"><div class=\"vc_column-inner\"><div class=\"wpb_wrapper\"><div class=\"tm-image  tm-animation move-up\" id=\"tm-image-69f85cc3add34\">\n\t\t\t<div class=\"tm-light-gallery\"><a href=\"https:\/\/ums.com.uy\/2022\/tierra\/wp-content\/uploads\/2022\/09\/FCR-ISO-9001-2015-12-09-2024.jpg\" class=\"zoom\"><div class=\"image\"><img decoding=\"async\" src=\"https:\/\/ums.com.uy\/2022\/tierra\/wp-content\/uploads\/2022\/09\/FCR-ISO-9001-2015-12-09-2024.jpg\" alt=\"FCR-ISO-9001-2015-12-09-2024\" \/><\/div><\/a><\/div>\t<\/div>\n<\/div><\/div><\/div><div id=\"tm-column-69f85cc3ae407\" class=\"wpb_column vc_column_container vc_col-sm-3\"><div class=\"vc_column-inner\"><div class=\"wpb_wrapper\"><div class=\"tm-image  tm-animation move-up\" id=\"tm-image-69f85cc3ae65a\">\n\t\t\t<div class=\"tm-light-gallery\"><a href=\"https:\/\/ums.com.uy\/2022\/tierra\/wp-content\/uploads\/2022\/09\/DAS-Certification.png\" class=\"zoom\"><div class=\"image\"><img decoding=\"async\" src=\"https:\/\/ums.com.uy\/2022\/tierra\/wp-content\/uploads\/2022\/09\/DAS-Certification.png\" alt=\"DAS-Certification\" \/><\/div><\/a><\/div>\t<\/div>\n<\/div><\/div><\/div><div id=\"tm-column-69f85cc3aed15\" class=\"wpb_column vc_column_container vc_col-sm-3\"><div class=\"vc_column-inner\"><div class=\"wpb_wrapper\"><div class=\"tm-image  tm-animation move-up\" id=\"tm-image-69f85cc3aef67\">\n\t\t\t<div class=\"tm-light-gallery\"><a href=\"https:\/\/ums.com.uy\/2022\/tierra\/wp-content\/uploads\/2022\/09\/Certification-DAS.png\" class=\"zoom\"><div class=\"image\"><img decoding=\"async\" src=\"https:\/\/ums.com.uy\/2022\/tierra\/wp-content\/uploads\/2022\/09\/Certification-DAS.png\" alt=\"Certification-DAS\" \/><\/div><\/a><\/div>\t<\/div>\n<\/div><\/div><\/div><\/div><div id=\"tm-row-69f85cc3af92c\" class=\"vc_row vc_row-outer vc_row-fluid\"><div id=\"tm-column-69f85cc3afcaa\" class=\"wpb_column vc_column_container vc_col-sm-12\"><div class=\"vc_column-inner\"><div class=\"wpb_wrapper\"><div class=\"tm-spacer\" id=\"tm-spacer-69f85cc3afeb0\"><\/div>\n<\/div><\/div><\/div><\/div>\n<\/div>","protected":false},"excerpt":{"rendered":"Desde 1978 trabajamos para salvaguardar la vida en el mar, procurando la excelencia en nuestros servicios. Visi\u00f3n Seremos la empresa uruguaya referente a nivel nacional e internacional por su excelencia en calidad y eficiencia en el suministro de productos y servicios para la supervivencia y protecci\u00f3n de la vida y bienes en mar, aire y tierra. Relaci\u00f3n Creamos y mantenemos con clientes, usuarios y proveedores, una relaci\u00f3n a escala humana, siendo flexibles comercialmente, confiables t\u00e9cnicamente y adapt\u00e1ndonos a las necesidades del mercado nacional, regional y global. Nuestro trabajo tiene un rol social, al brindar servicios de calidad en protecci\u00f3n de la vida humana y del medio ambiente. Aprobaciones UMS est\u00e1 aprobada por la Prefectura Nacional Naval (Autoridad Mar\u00edtima Uruguaya), Lloyd\u2019s Register of Shipping, DNV-GL, American Bureau of Shipping, Bureau Veritas, Nippon Kaiji Kyokai, RINA ,China Classification Society, International Register of Shipping y Korean Register. La planta contra incendio, inaugurada el 1\u00b0 de enero de 2004, se encuentra aprobada por DNB, UNIT y PNN. \u00c1rea de cobertura UMS es capaz de ofrecer una completa gama de servicios en el territorio uruguayo en su conjunto, zona de servicio (Montevideo Road), principales puertos de Argentina y del Estado de Rio Grande del Sur (Brasil). Uruguayan Marine Safety Una empresa que busca la excelencia de servicio. Siempre. URUGUAYAN MARINE SAFETY fue fundada el 14 de setiembre de 1978. A partir de entonces, su actividad ha estado centrada en el asesoramiento, venta y mantenimiento de equipamiento de rescate, supervivencia y lucha contra incendio. La realidad mundial nos obliga a esforzarnos d\u00eda a d\u00eda en buscar cuales son las necesidades de nuestros clientes y en cumplir con \u00e9xito sus demandas a trav\u00e9s de capacitaciones, inversi\u00f3n en infraestructura, equipos y en I&amp;D. UMS cuenta con un personal que se encuentra en continua capacitaci\u00f3n, asistiendo a diversos cursos en el extranjero y dentro del pa\u00eds para brindarle al cliente servicios conforme a los est\u00e1ndares exigidos internacionalmente. Nuestra vocaci\u00f3n es brindarle al cliente absoluta seguridad y calidad tanto en los servicios como en los productos que ofrecemos, que junto con la larga trayectoria aseguran la realizaci\u00f3n de los trabajos solicitados con la mayor eficiencia, siguiendo los criterios y reglas establecidos por los distintos fabricantes, la OMI, la autoridad mar\u00edtima uruguaya (PNN) y las diferentes sociedades clasificadoras mundialmente reconocidas. Nuestro Sistema de Gesti\u00f3n Trabajamos de forma constante comprometidos con nuestro sistema de gesti\u00f3n integrado (gesti\u00f3n de la Calidad y Seguridad y salud en el trabajo), certificados bajo las normas ISO 9001:2015 y ISO 45001:2018.","protected":false},"author":1,"featured_media":0,"parent":0,"menu_order":0,"comment_status":"closed","ping_status":"closed","template":"","meta":{"footnotes":""},"class_list":["post-1001","page","type-page","status-publish","hentry","post-no-thumbnail"],"_links":{"self":[{"href":"https:\/\/ums.com.uy\/2022\/tierra\/en\/wp-json\/wp\/v2\/pages\/1001","targetHints":{"allow":["GET"]}}],"collection":[{"href":"https:\/\/ums.com.uy\/2022\/tierra\/en\/wp-json\/wp\/v2\/pages"}],"about":[{"href":"https:\/\/ums.com.uy\/2022\/tierra\/en\/wp-json\/wp\/v2\/types\/page"}],"author":[{"embeddable":true,"href":"https:\/\/ums.com.uy\/2022\/tierra\/en\/wp-json\/wp\/v2\/users\/1"}],"replies":[{"embeddable":true,"href":"https:\/\/ums.com.uy\/2022\/tierra\/en\/wp-json\/wp\/v2\/comments?post=1001"}],"version-history":[{"count":0,"href":"https:\/\/ums.com.uy\/2022\/tierra\/en\/wp-json\/wp\/v2\/pages\/1001\/revisions"}],"wp:attachment":[{"href":"https:\/\/ums.com.uy\/2022\/tierra\/en\/wp-json\/wp\/v2\/media?parent=1001"}],"curies":[{"name":"wp","href":"https:\/\/api.w.org\/{rel}","templated":true}]}}