{"id":1147,"date":"2018-08-07T09:27:31","date_gmt":"2018-08-07T09:27:31","guid":{"rendered":"http:\/\/ums.com.uy\/2022\/tierra\/agua\/pages\/services-classic\/"},"modified":"2022-05-05T19:44:36","modified_gmt":"2022-05-05T22:44:36","slug":"servicios","status":"publish","type":"page","link":"https:\/\/ums.com.uy\/2022\/tierra\/en\/servicios\/","title":{"rendered":"Services"},"content":{"rendered":"<div class=\"wpb-content-wrapper\"><div id=\"tm-row-69f4b9db76dc0\" data-vc-full-width=\"true\" data-vc-full-width-init=\"false\" class=\"vc_row vc_row-outer vc_row-fluid vc_container-has-overlay\"><div class=\"vc_container-overlay\"><\/div><div id=\"tm-column-69f4b9db77bd9\" class=\"wpb_column vc_column_container vc_col-sm-12\"><div class=\"vc_column-inner\"><div class=\"wpb_wrapper\"><div class=\"tm-spacer\" id=\"tm-spacer-69f4b9db77e75\"><\/div>\n\n<div class=\"tm-heading modern-02 center tm-animation move-up\" id=\"tm-heading-69f4b9db782ab\">\n\t<h3 class=\"heading\" style=\"\">Services<\/h3><\/div>\n\n<div class=\"tm-spacer\" id=\"tm-spacer-69f4b9db785dc\"><\/div>\n\n<div class=\"tm-heading  center tm-animation move-up\" id=\"tm-heading-69f4b9db787b3\">\n\t<h3 class=\"heading\" style=\"\">Committed to providing our customers with the best products and high quality services for the protection of life and property.<\/h3><\/div>\n\n<div class=\"tm-spacer\" id=\"tm-spacer-69f4b9db78af9\"><\/div>\n\n<div class=\"tm-heading  center tm-animation move-up\" id=\"tm-heading-69f4b9db78c79\">\n\t<div class=\"heading\" style=\"\">We focus on one goal: to provide our customers with the best products with the best service. Because your safety is our priority. Always.<\/div><\/div>\n\n<div class=\"tm-spacer\" id=\"tm-spacer-69f4b9db78fe0\"><\/div>\n<\/div><\/div><\/div><\/div><div class=\"vc_row-full-width vc_clearfix\"><\/div><div id=\"tm-row-69f4b9db79241\" class=\"vc_row vc_row-outer vc_row-fluid\"><div id=\"tm-column-69f4b9db794a2\" class=\"wpb_column vc_column_container vc_col-sm-12\"><div class=\"vc_column-inner\"><div class=\"wpb_wrapper\"><div class=\"tm-grid-wrapper tm-grid-group\" id=\"tm-grid-69f4b9db7985b\"\n     data-item-wrap=\"1\"\n>\n\n\t<div class=\"tm-grid modern-grid has-animation move-up\">\n\t\t<div class=\"tm-box-icon  align-center style-03 tm-animation move-up\" id=\"tm-box-icon-69f4b9db79c4b\">\n\t\n\t\n\t<div class=\"content-wrap\">\n\t\t\n\n\t\t\t\t\t\t<div class=\"icon\">\n\t\t\t\t\t\t<span class=\"far fa-chart-network\"><\/span>\n\t\t\t\t\t<\/div>\n\t\t\t\t\t\n<div class=\"content\">\n\t\t\t<h4 class=\"heading\">\n\t\t\t\n\t\t\t\tOfficial representatives\n\t\t\t\t\n\t\t<\/h4>\n\t\n\t\t\t<div class=\"text\">We are official representatives of the main worldwide security brands, such as FireTrace, Jiansu, and Lalizas. This allows us to provide a greater guarantee and security in our work.<\/div>\t<\/div>\n\n\n\t\n\t<\/div>\n\n\t\n<\/div>\n<div class=\"tm-box-icon  align-center style-03 tm-animation move-up\" id=\"tm-box-icon-69f4b9db7ab32\">\n\t\n\t\n\t<div class=\"content-wrap\">\n\t\t\n\n\t\t\t\t\t\t<div class=\"icon\">\n\t\t\t\t\t\t<span class=\"far fa-address-book\"><\/span>\n\t\t\t\t\t<\/div>\n\t\t\t\t\t\n<div class=\"content\">\n\t\t\t<h4 class=\"heading\">\n\t\t\t\n\t\t\t\tCertified technicians\n\t\t\t\t\n\t\t<\/h4>\n\t\n\t\t\t<div class=\"text\">All our technicians are certified and have the latest information provided by our represented brands, authorities and regulatory bodies.<\/div>\t<\/div>\n\n\n\t\n\t<\/div>\n\n\t\n<\/div>\n<div class=\"tm-box-icon  align-center style-03 tm-animation move-up\" id=\"tm-box-icon-69f4b9db7b05f\">\n\t\n\t\n\t<div class=\"content-wrap\">\n\t\t\n\n\t\t\t\t\t\t<div class=\"icon\">\n\t\t\t\t\t\t<span class=\"far fa-calendar-alt\"><\/span>\n\t\t\t\t\t<\/div>\n\t\t\t\t\t\n<div class=\"content\">\n\t\t\t<h4 class=\"heading\">\n\t\t\t\n\t\t\t\t24\/7\/365\n\t\t\t\t\n\t\t<\/h4>\n\t\n\t\t\t<div class=\"text\">UMS is available to provide maritime security solutions 24 hours a day, 7 days a week, 365 days a year. Your safety is our priority.<\/div>\t<\/div>\n\n\n\t\n\t<\/div>\n\n\t\n<\/div>\n\t<\/div>\n\n<\/div>\n\n\n<div class=\"tm-spacer\" id=\"tm-spacer-69f4b9db7b4db\"><\/div>\n<\/div><\/div><\/div><\/div><div id=\"tm-row-69f4b9db7b75b\" class=\"vc_row vc_row-outer vc_row-fluid\"><div id=\"tm-column-69f4b9db7ba4b\" class=\"wpb_column vc_column_container vc_col-sm-12\"><div class=\"vc_column-inner\"><div class=\"wpb_wrapper\"><div class=\"tm-services-list  style-01 tm-animation move-up\" id=\"tm-services-list-69f4b9db7bf09\">\n\t\t\t\t\t\t<div class=\"service-item\">\n\t\t\t\t<div class=\"service-image\">\n\t\t\t\t\t\t\t\t\t\t\t<img decoding=\"async\" src=\"https:\/\/ums.com.uy\/2022\/tierra\/wp-content\/uploads\/2021\/07\/Firetrace.png\" alt=\"Firetrace\" \/>\t\t\t\t\t\t\t\t\t<\/div>\n\n\t\t\t\t<div class=\"service-info\">\n\n\t\t\t\t\t\t\t\t\t\t\t<h3 class=\"service-name\">\n\t\t\t\t\t\t\tFire extinguishing without water\t\t\t\t\t\t<\/h3>\n\t\t\t\t\t\n\t\t\t\t\t\t\t\t\t\t\t<div class=\"service-text\">\n\t\t\t\t\t\t\t<b>Protect valuable and sometimes irreplaceable items.<\/b>\n\nWe are representatives FIRETRACE, manufacturer of fire extinguishing systems. It has the only system in the world that detects and extinguishes the fire in less than 10 seconds, which does not use electric current or battery to operate.\n\nNOVEC 1230 fluid is ideal for protecting valuable and sometimes irreplaceable items such as books, digital files, antiques and works of art. Unlike water, foam and dry chemical powders, NOVEC 1230 fluid leaves no residue and is non-destructive to materials such as paint, paper, electronics or other delicate materials, thanks to its rapid evaporation.\n\t\t\t\t\t\t<\/div>\n\t\t\t\t\t\n\t\t\t\t<\/div>\n\t\t\t<\/div>\n\t\t\t\t\t<div class=\"service-item\">\n\t\t\t\t<div class=\"service-image\">\n\t\t\t\t\t\t\t\t\t\t\t<img decoding=\"async\" src=\"https:\/\/ums.com.uy\/2022\/tierra\/wp-content\/uploads\/2020\/10\/incendio.png\" alt=\"incendio\" \/>\t\t\t\t\t\t\t\t\t<\/div>\n\n\t\t\t\t<div class=\"service-info\">\n\n\t\t\t\t\t\t\t\t\t\t\t<h3 class=\"service-name\">\n\t\t\t\t\t\t\tMaintenance of FM200 systems\t\t\t\t\t\t<\/h3>\n\t\t\t\t\t\n\t\t\t\t\t\t\t\t\t\t\t<div class=\"service-text\">\n\t\t\t\t\t\t\tMaintenance of FM200 systems also called HFC-227ea, we perform Agent recharge and requalification of installed cylinders (Hydraulic Test).\n\t\t\t\t\t\t<\/div>\n\t\t\t\t\t\n\t\t\t\t<\/div>\n\t\t\t<\/div>\n\t\t\t\t\t<div class=\"service-item\">\n\t\t\t\t<div class=\"service-image\">\n\t\t\t\t\t\t\t\t\t\t\t<img decoding=\"async\" src=\"https:\/\/ums.com.uy\/2022\/tierra\/wp-content\/uploads\/2022\/05\/donut.png\" alt=\"donut\" \/>\t\t\t\t\t\t\t\t\t<\/div>\n\n\t\t\t\t<div class=\"service-info\">\n\n\t\t\t\t\t\t\t\t\t\t\t<h3 class=\"service-name\">\n\t\t\t\t\t\t\tDONUT - Light evacuation equipment from heights\t\t\t\t\t\t<\/h3>\n\t\t\t\t\t\n\t\t\t\t\t\t\t\t\t\t\t<div class=\"service-text\">\n\t\t\t\t\t\t\tEquipment that allows escape through a Personal Controlled Descent Device, once the device is attached to a railing or other structure at an anchor point.\n<br>\nIf necessary, the Safeland can be braked indefinitely at any time during the descent, leaving the hands free.\n<br>\nIt can be used by trained service providers and collaborators to lower injured, wounded or unconscious persons to safety using the seat itself or a stretcher. Its compact size makes it easy to store. It is suitable for any high and difficult to access environment.\t\t\t\t\t\t<\/div>\n\t\t\t\t\t\n\t\t\t\t<\/div>\n\t\t\t<\/div>\n\t\t\t\t\t<div class=\"service-item\">\n\t\t\t\t<div class=\"service-image\">\n\t\t\t\t\t\t\t\t\t\t\t<img decoding=\"async\" src=\"https:\/\/ums.com.uy\/2022\/tierra\/wp-content\/uploads\/2021\/11\/caba-01.png\" alt=\"caba-01\" \/>\t\t\t\t\t\t\t\t\t<\/div>\n\n\t\t\t\t<div class=\"service-info\">\n\n\t\t\t\t\t\t\t\t\t\t\t<h3 class=\"service-name\">\n\t\t\t\t\t\t\tInspection, repair and adjustment\t\t\t\t\t\t<\/h3>\n\t\t\t\t\t\n\t\t\t\t\t\t\t\t\t\t\t<div class=\"service-text\">\n\t\t\t\t\t\t\tSelf-contained compressed air self-contained breathing apparatus (SCBS), emergency escape breathing apparatus (EEBD), and oxygen resuscitators.\n\nRefilling of breathing air cylinders up to 300bar, with monitored air quality. \n\nRefilling of medical O2 cylinders, up to 200bar.\t\t\t\t\t\t<\/div>\n\t\t\t\t\t\n\t\t\t\t<\/div>\n\t\t\t<\/div>\n\t\t\t\t\t<div class=\"service-item\">\n\t\t\t\t<div class=\"service-image\">\n\t\t\t\t\t\t\t\t\t\t\t<img decoding=\"async\" src=\"https:\/\/ums.com.uy\/2022\/tierra\/wp-content\/uploads\/2021\/07\/hydro.jpg\" alt=\"hydro\" \/>\t\t\t\t\t\t\t\t\t<\/div>\n\n\t\t\t\t<div class=\"service-info\">\n\n\t\t\t\t\t\t\t\t\t\t\t<h3 class=\"service-name\">\n\t\t\t\t\t\t\tHydrostatic tests\t\t\t\t\t\t<\/h3>\n\t\t\t\t\t\n\t\t\t\t\t\t\t\t\t\t\t<div class=\"service-text\">\n\t\t\t\t\t\t\t<ul>\n \t<li>Vessels under pressure<\/li>\n \t<li>High pressure scuba diving gas cylinders<\/li>\n \t<li>Fire fighting equipment<\/li>\n \t<li>Paint Ball and compressed air shooting<\/li>\n<\/ul>\t\t\t\t\t\t<\/div>\n\t\t\t\t\t\n\t\t\t\t<\/div>\n\t\t\t<\/div>\n\t\t\t<\/div>\n<div class=\"tm-spacer\" id=\"tm-spacer-69f4b9db821e8\"><\/div>\n<\/div><\/div><\/div><\/div><div id=\"tm-row-69f4b9db824f0\" data-vc-full-width=\"true\" data-vc-full-width-init=\"false\" class=\"vc_row vc_row-outer vc_row-fluid\"><div id=\"tm-column-69f4b9db8280e\" class=\"wpb_column vc_column_container vc_col-sm-12\"><div class=\"vc_column-inner\"><div class=\"wpb_wrapper\"><div class=\"tm-spacer\" id=\"tm-spacer-69f4b9db829d5\"><\/div>\n\n<div class=\"tm-heading modern-02 center tm-animation move-up\" id=\"tm-heading-69f4b9db82bbc\">\n\t<h3 class=\"heading\" style=\"\">How do we do it?<\/h3><\/div>\n\n<div class=\"tm-spacer\" id=\"tm-spacer-69f4b9db82ef3\"><\/div>\n\n<div class=\"tm-heading  center tm-animation move-up\" id=\"tm-heading-69f4b9db83072\">\n\t<h3 class=\"heading\" style=\"\">Our work process<\/h3><\/div>\n\n<div class=\"tm-spacer\" id=\"tm-spacer-69f4b9db8339f\"><\/div>\n<div class=\"tm-gradation  tm-gradation-- tm-animation-queue\" id=\"tm-gradation-69f4b9db835f7\"\n     data-animation-delay=\"400\"\n>\n\t\t\t<div class=\"item item-1\">\n\t\t\t<div class=\"line\"><\/div>\n\n\t\t\t<div class=\"dot-wrap\">\n\t\t\t\t<div class=\"dot\">\n\t\t\t\t\t<div class=\"count\">1<\/div>\n\t\t\t\t<\/div>\n\t\t\t<\/div>\n\n\t\t\t<div class=\"content-wrap\">\n\t\t\t\t\t\t\t\t\t<h5 class=\"title\">Identification<\/h5>\n\t\t\t\t\n\t\t\t\t\t\t\t\t\t<div class=\"text\">Our technical team identifies the customer's needs<\/div>\n\t\t\t\t\t\t\t<\/div>\n\t\t<\/div>\n\t\t\t<div class=\"item item-2\">\n\t\t\t<div class=\"line\"><\/div>\n\n\t\t\t<div class=\"dot-wrap\">\n\t\t\t\t<div class=\"dot\">\n\t\t\t\t\t<div class=\"count\">2<\/div>\n\t\t\t\t<\/div>\n\t\t\t<\/div>\n\n\t\t\t<div class=\"content-wrap\">\n\t\t\t\t\t\t\t\t\t<h5 class=\"title\">Evaluation<\/h5>\n\t\t\t\t\n\t\t\t\t\t\t\t\t\t<div class=\"text\">R\u00e1pidamente se eval\u00faa cu\u00e1l es la mejor soluci\u00f3n al problema, siempre de acuerdo con el cliente. <\/div>\n\t\t\t\t\t\t\t<\/div>\n\t\t<\/div>\n\t\t\t<div class=\"item item-3\">\n\t\t\t<div class=\"line\"><\/div>\n\n\t\t\t<div class=\"dot-wrap\">\n\t\t\t\t<div class=\"dot\">\n\t\t\t\t\t<div class=\"count\">3<\/div>\n\t\t\t\t<\/div>\n\t\t\t<\/div>\n\n\t\t\t<div class=\"content-wrap\">\n\t\t\t\t\t\t\t\t\t<h5 class=\"title\">Warranty<\/h5>\n\t\t\t\t\n\t\t\t\t\t\t\t\t\t<div class=\"text\">Una vez que el trabajo est\u00e1 culminado, nuestra garant\u00eda de calidad comienza a correr. <\/div>\n\t\t\t\t\t\t\t<\/div>\n\t\t<\/div>\n\t<\/div>\n<div class=\"tm-spacer\" id=\"tm-spacer-69f4b9db83894\"><\/div>\n<\/div><\/div><\/div><\/div><div class=\"vc_row-full-width vc_clearfix\"><\/div><div id=\"tm-row-69f4b9db83b4a\" data-vc-full-width=\"true\" data-vc-full-width-init=\"false\" class=\"vc_row vc_row-outer vc_row-fluid vc_row-o-content-middle vc_row-flex\"><div id=\"tm-column-69f4b9db83d9e\" class=\"wpb_column vc_column_container vc_col-sm-6\"><div class=\"vc_column-inner\"><div class=\"wpb_wrapper\">\n<div class=\"tm-heading  left tm-animation move-up\" id=\"tm-heading-69f4b9db84094\">\n\t<h3 class=\"heading\" style=\"\">Shall we start working together?<\/h3><\/div>\n\n<div class=\"tm-spacer\" id=\"tm-spacer-69f4b9db843a4\"><\/div>\n<\/div><\/div><\/div><div id=\"tm-column-69f4b9db844c1\" class=\"wpb_column vc_column_container vc_col-sm-6\"><div class=\"vc_column-inner\"><div class=\"wpb_wrapper\"><div class=\"tm-button-wrapper  tm-animation move-up\" id=\"tm-button-69f4b9db848f1\">\n\t\t<a class=\"tm-button style-flat tm-button-nm tm-button-custom\" href=\"http:\/\/ums.com.uy\/2022\/tierra\/en\/maritimo\/contacto\/\"\n\t\t\t>\n\n\t\t\n\t\t\t\t\t\t<span class=\"button-text\" data-text=\"Contactanos tel:(+598)29246025\">\n\t\t\t\tContact us tel:(+598)29246025\t\t\t<\/span>\n\t\t\t\n\t\t\t\n\t\t\n\n\t<\/a>\n<\/div>\n<\/div><\/div><\/div><\/div><div class=\"vc_row-full-width vc_clearfix\"><\/div>\n<\/div>","protected":false},"excerpt":{"rendered":"Servicios Comprometidos en brindar a nuestros clientes los mejores productos y servicios de alta calidad para la protecci\u00f3n de la vida y bienes. Nos enfocamos en un objetivo: brindar a nuestros clientes los mejores productos con el mejor servicio. Porque su seguridad es nuestra prioridad. Siempre. Representantes oficiales Somos representantes oficiales de las principales marcas de seguridad mundial, como por ejemplo FireTrace, Jiansu, y Lalizas. Esto nos permite brindar una mayor garant\u00eda y seguridad en nuestros trabajos. T\u00e9cnicos certificados Todos nuestros t\u00e9cnicos est\u00e1n certificados y cuentan con la \u00faltima informaci\u00f3n brindada por nuestras marcas representadas, las autoridades y organismos regulatorios. 24\/7\/365 UMS est\u00e1 disponible para ofrecer soluciones de seguridad mar\u00edtima las 24 horas, los 7 d\u00edas de la semana, los 365 d\u00edas del a\u00f1o. Su seguridad es nuestra prioridad. Extinci\u00f3n de incendios sin agua Proteger los objetos valiosos y que en ocasiones son irremplazables. Somos representantes FIRETRACE, fabricante de sistemas de extinci\u00f3n de incendio. Que cuenta con el \u00danico sistema en el mundo que detecta y apaga el fuego en menos de 10 segundos, que no utiliza corriente el\u00e9ctrica, ni bater\u00eda para funcionar. El fluido NOVEC 1230 es ideal para proteger los objetos valiosos y que en ocasiones son irremplazables como libros, archivos digitales, antig\u00fcedades y obras de arte. A diferencia del agua, espuma y polvo qu\u00edmico seco, el fluido NOVEC 1230 no deja residuos y no es destructivo con materiales como pintura, papel, electr\u00f3nicos u otros materiales delicados, gracias a su r\u00e1pida evaporaci\u00f3n. Mantenimiento de sistemas de FM200 Mantenimiento de sistemas de FM200 tambi\u00e9n llamado HFC-227ea, realizamos recarga de Agente y recalificaci\u00f3n de cilindros instalados (Prueba Hidr\u00e1ulica). DONUT - Equipo ligero de evacuaci\u00f3n desde alturas Equipo que permite escapar a trav\u00e9s de un Dispositivo Personal de descenso controlado, una vez que el dispositivo es sujetado a una baranda u otra estructura en un punto de anclaje. En caso necesario se puede frenar el Safeland por un tiempo indefinido en cualquier momento durante el descenso dejando las manos libres. Pueden utilizarlo prestadores de servicios y colaboradores entrenados para descender personas lesionados, heridas o inconscientes a lugares seguros utilizando el propio asiento o una camilla. Su tama\u00f1o compacto hace m\u00e1s f\u00e1cil su almacenaje. Se adecua a cualquier ambiente alto y de dif\u00edcil acceso. Inspecci\u00f3n, reparaci\u00f3n y ajuste De equipos aut\u00f3nomos de respiraci\u00f3n con aire comprimido respirables (SCBS), equipos de respiraci\u00f3n de estampe (EEBD), y resucitadores de ox\u00edgeno. Recarga de botellas de aire respirable hasta 300bar, con calidad de aire monitoreado. Recarga de botellas de O2 medicinal, hasta 200bar. Ensayos hidrost\u00e1ticos Recipientes bajo presi\u00f3n Cilindros de gases de alta presi\u00f3n de buceo Equipos contra incendios Paint Ball y tiro de aire comprimido \u00bfC\u00f3mo lo hacemos? Nuestro proceso de trabajo 1 Identificaci\u00f3n Nuestro equipo t\u00e9cnico identifica la necesidad del cliente 2 Evaluaci\u00f3n R\u00e1pidamente se eval\u00faa cu\u00e1l es la mejor soluci\u00f3n al problema, siempre de acuerdo con el cliente. 3 Garant\u00eda Una vez que el trabajo est\u00e1 culminado, nuestra garant\u00eda de calidad comienza a correr. \u00bfComenzamos a trabajar juntos? Contactanos tel:(+598)29246025","protected":false},"author":1,"featured_media":0,"parent":0,"menu_order":0,"comment_status":"closed","ping_status":"closed","template":"","meta":{"footnotes":""},"class_list":["post-1147","page","type-page","status-publish","hentry","post-no-thumbnail"],"_links":{"self":[{"href":"https:\/\/ums.com.uy\/2022\/tierra\/en\/wp-json\/wp\/v2\/pages\/1147","targetHints":{"allow":["GET"]}}],"collection":[{"href":"https:\/\/ums.com.uy\/2022\/tierra\/en\/wp-json\/wp\/v2\/pages"}],"about":[{"href":"https:\/\/ums.com.uy\/2022\/tierra\/en\/wp-json\/wp\/v2\/types\/page"}],"author":[{"embeddable":true,"href":"https:\/\/ums.com.uy\/2022\/tierra\/en\/wp-json\/wp\/v2\/users\/1"}],"replies":[{"embeddable":true,"href":"https:\/\/ums.com.uy\/2022\/tierra\/en\/wp-json\/wp\/v2\/comments?post=1147"}],"version-history":[{"count":0,"href":"https:\/\/ums.com.uy\/2022\/tierra\/en\/wp-json\/wp\/v2\/pages\/1147\/revisions"}],"wp:attachment":[{"href":"https:\/\/ums.com.uy\/2022\/tierra\/en\/wp-json\/wp\/v2\/media?parent=1147"}],"curies":[{"name":"wp","href":"https:\/\/api.w.org\/{rel}","templated":true}]}}