{"id":5313,"date":"2022-05-05T19:46:15","date_gmt":"2022-05-05T22:46:15","guid":{"rendered":"http:\/\/ums.com.uy\/2022\/tierra\/?page_id=5313"},"modified":"2022-09-29T23:02:56","modified_gmt":"2022-09-30T02:02:56","slug":"productos","status":"publish","type":"page","link":"https:\/\/ums.com.uy\/2022\/tierra\/en\/productos\/","title":{"rendered":"Products"},"content":{"rendered":"<div class=\"wpb-content-wrapper\"><div id=\"tm-row-69f52846d5780\" class=\"vc_row vc_row-outer vc_row-fluid\"><div id=\"tm-column-69f52846d5c77\" class=\"wpb_column vc_column_container vc_col-sm-2\"><div class=\"vc_column-inner\"><div class=\"wpb_wrapper\"><\/div><\/div><\/div><div id=\"tm-column-69f52846d5e2d\" class=\"wpb_column vc_column_container vc_col-sm-8\"><div class=\"vc_column-inner\"><div class=\"wpb_wrapper\">\n\t<div class=\"wpb_text_column wpb_content_element tm-animation move-up\" >\n\t\t<div class=\"wpb_wrapper\">\n\t\t\t<p style=\"text-align: center;\">Chemical suits, fire protection systems, rescue stretchers and more... Everything you need for your ground safety can be found in our product section. Browse through the main categories and get in touch with us to get the best advice.<br \/>\n<strong>We are UMS, we serve to save lives.<\/strong><\/p>\n\n\t\t<\/div>\n\t<\/div>\n<div class=\"tm-spacer\" id=\"tm-spacer-69f52846d66ba\"><\/div>\n<\/div><\/div><\/div><div id=\"tm-column-69f52846d67a7\" class=\"wpb_column vc_column_container vc_col-sm-2\"><div class=\"vc_column-inner\"><div class=\"wpb_wrapper\"><\/div><\/div><\/div><\/div><div id=\"tm-row-69f52846d6b64\" class=\"vc_row vc_row-outer vc_row-fluid\"><div id=\"tm-column-69f52846d6d75\" class=\"wpb_column vc_column_container vc_col-sm-4\"><div class=\"vc_column-inner\"><div class=\"wpb_wrapper\"><div class=\"tm-rotate-box  tm-animation move-up\" id=\"tm-rotate-box-69f52846d7046\">\n\t<div class=\"flipper to-top\">\n\t\t<div class=\"thumb-wrap\">\n\t\t\t<div class=\"box front\">\n\t\t\t\t<div class=\"content-wrap\">\n\t\t\t\t\t\t\t\t\t\t\t<h4 class=\"heading\">\n\t\t\t\t\t\t\tFire protection systems\t\t\t\t\t\t<\/h4>\n\t\t\t\t\t\n\t\t\t\t\t\n\t\t\t\t\t\t\t\t\t\t\t\t<a class=\"tm-button style-border-text tm-rotate-box-btn tm-button-default\"\n\t\t\t\t\t\t\t   href=\"http:\/\/ums.com.uy\/2022\/tierra\/en\/product-category\/sistemas-contra-incedios\/\"\n\t\t\t\t\t\t\t\t\t\t\t\t\t\t\t\t\ttarget=\"_blank\"\n\t\t\t\t\t\t\t\t\t\t\t\t\t\t\t>\n\t\t\t\t\t\t\t\t<span class=\"button-text\"><\/span>\n\t\t\t\t\t\t\t<\/a>\n\t\t\t\t\t\t\t\t\t\t<\/div>\n\t\t\t<\/div>\n\t\t\t<div class=\"box back\">\n\t\t\t\t<div class=\"content-wrap\">\n\t\t\t\t\t\t\t\t\t\t\t<h4 class=\"heading\">\n\t\t\t\t\t\t\tFire protection systems\t\t\t\t\t\t<\/h4>\n\t\t\t\t\t\n\t\t\t\t\t\t\t\t\t\t\t<div class=\"text\">\n\t\t\t\t\t\t\tLearn about the best fire protection systems to protect your merchandise or documents.\t\t\t\t\t\t<\/div>\n\t\t\t\t\t\n\t\t\t\t\t\t\t\t\t\t\t\t<a class=\"tm-button style-border-text tm-rotate-box-btn\"\n\t\t\t\t\t\t\t   href=\"http:\/\/ums.com.uy\/2022\/tierra\/en\/product-category\/sistemas-contra-incedios\/\"\n\t\t\t\t\t\t\t\t\t\t\t\t\t\t\t\t\ttarget=\"_blank\"\n\t\t\t\t\t\t\t\t\t\t\t\t\t\t\t>\n\t\t\t\t\t\t\t\t<span class=\"button-text\">Learn more<\/span>\n\t\t\t\t\t\t\t<\/a>\n\t\t\t\t\t\t\t\t\t\t<\/div>\n\t\t\t<\/div>\n\t\t<\/div>\n\t<\/div>\n<\/div>\n<\/div><\/div><\/div><div id=\"tm-column-69f52846d959f\" class=\"wpb_column vc_column_container vc_col-sm-4\"><div class=\"vc_column-inner\"><div class=\"wpb_wrapper\"><div class=\"tm-rotate-box  tm-animation move-up\" id=\"tm-rotate-box-69f52846d97f7\">\n\t<div class=\"flipper to-top\">\n\t\t<div class=\"thumb-wrap\">\n\t\t\t<div class=\"box front\">\n\t\t\t\t<div class=\"content-wrap\">\n\t\t\t\t\t\t\t\t\t\t\t<h4 class=\"heading\">\n\t\t\t\t\t\t\tProtection and rescue equipment\t\t\t\t\t\t<\/h4>\n\t\t\t\t\t\n\t\t\t\t\t\n\t\t\t\t\t\t\t\t\t\t\t\t<a class=\"tm-button style-border-text tm-rotate-box-btn tm-button-default\"\n\t\t\t\t\t\t\t   href=\"http:\/\/ums.com.uy\/2022\/tierra\/en\/product-category\/proteccion-y-rescate\/\"\n\t\t\t\t\t\t\t\t\t\t\t\t\t\t\t\t\ttarget=\"_blank\"\n\t\t\t\t\t\t\t\t\t\t\t\t\t\t\t>\n\t\t\t\t\t\t\t\t<span class=\"button-text\"><\/span>\n\t\t\t\t\t\t\t<\/a>\n\t\t\t\t\t\t\t\t\t\t<\/div>\n\t\t\t<\/div>\n\t\t\t<div class=\"box back\">\n\t\t\t\t<div class=\"content-wrap\">\n\t\t\t\t\t\t\t\t\t\t\t<h4 class=\"heading\">\n\t\t\t\t\t\t\tProtection and rescue equipment\t\t\t\t\t\t<\/h4>\n\t\t\t\t\t\n\t\t\t\t\t\t\t\t\t\t\t<div class=\"text\">\n\t\t\t\t\t\t\tVests, stretchers, chemical suits and more. Discover all the protection and rescue equipment we offer.\t\t\t\t\t\t<\/div>\n\t\t\t\t\t\n\t\t\t\t\t\t\t\t\t\t\t\t<a class=\"tm-button style-border-text tm-rotate-box-btn\"\n\t\t\t\t\t\t\t   href=\"http:\/\/ums.com.uy\/2022\/tierra\/en\/product-category\/proteccion-y-rescate\/\"\n\t\t\t\t\t\t\t\t\t\t\t\t\t\t\t\t\ttarget=\"_blank\"\n\t\t\t\t\t\t\t\t\t\t\t\t\t\t\t>\n\t\t\t\t\t\t\t\t<span class=\"button-text\">Learn more<\/span>\n\t\t\t\t\t\t\t<\/a>\n\t\t\t\t\t\t\t\t\t\t<\/div>\n\t\t\t<\/div>\n\t\t<\/div>\n\t<\/div>\n<\/div>\n<\/div><\/div><\/div><div id=\"tm-column-69f52846da14d\" class=\"wpb_column vc_column_container vc_col-sm-4\"><div class=\"vc_column-inner\"><div class=\"wpb_wrapper\"><div class=\"tm-rotate-box  tm-animation move-up\" id=\"tm-rotate-box-69f52846da313\">\n\t<div class=\"flipper to-top\">\n\t\t<div class=\"thumb-wrap\">\n\t\t\t<div class=\"box front\">\n\t\t\t\t<div class=\"content-wrap\">\n\t\t\t\t\t\t\t\t\t\t\t<h4 class=\"heading\">\n\t\t\t\t\t\t\tFire fighting equipment\t\t\t\t\t\t<\/h4>\n\t\t\t\t\t\n\t\t\t\t\t\n\t\t\t\t\t\t\t\t\t\t\t\t<a class=\"tm-button style-border-text tm-rotate-box-btn tm-button-default\"\n\t\t\t\t\t\t\t   href=\"http:\/\/ums.com.uy\/2022\/tierra\/en\/product-category\/equipos-contra-incendios\/\"\n\t\t\t\t\t\t\t\t\t\t\t\t\t\t\t\t\ttarget=\"_blank\"\n\t\t\t\t\t\t\t\t\t\t\t\t\t\t\t>\n\t\t\t\t\t\t\t\t<span class=\"button-text\"><\/span>\n\t\t\t\t\t\t\t<\/a>\n\t\t\t\t\t\t\t\t\t\t<\/div>\n\t\t\t<\/div>\n\t\t\t<div class=\"box back\">\n\t\t\t\t<div class=\"content-wrap\">\n\t\t\t\t\t\t\t\t\t\t\t<h4 class=\"heading\">\n\t\t\t\t\t\t\tFire fighting equipment\t\t\t\t\t\t<\/h4>\n\t\t\t\t\t\n\t\t\t\t\t\t\t\t\t\t\t<div class=\"text\">\n\t\t\t\t\t\t\tDiscover the CABA and EEBD firefighting equipment, ideal for firefighting.\t\t\t\t\t\t<\/div>\n\t\t\t\t\t\n\t\t\t\t\t\t\t\t\t\t\t\t<a class=\"tm-button style-border-text tm-rotate-box-btn\"\n\t\t\t\t\t\t\t   href=\"http:\/\/ums.com.uy\/2022\/tierra\/en\/product-category\/equipos-contra-incendios\/\"\n\t\t\t\t\t\t\t\t\t\t\t\t\t\t\t\t\ttarget=\"_blank\"\n\t\t\t\t\t\t\t\t\t\t\t\t\t\t\t>\n\t\t\t\t\t\t\t\t<span class=\"button-text\">Learn more<\/span>\n\t\t\t\t\t\t\t<\/a>\n\t\t\t\t\t\t\t\t\t\t<\/div>\n\t\t\t<\/div>\n\t\t<\/div>\n\t<\/div>\n<\/div>\n<\/div><\/div><\/div><\/div><div id=\"tm-row-69f52846dab84\" class=\"vc_row vc_row-outer vc_row-fluid\"><div id=\"tm-column-69f52846dad8d\" class=\"wpb_column vc_column_container vc_col-sm-12\"><div class=\"vc_column-inner\"><div class=\"wpb_wrapper\"><div class=\"tm-spacer\" id=\"tm-spacer-69f52846daef6\"><\/div>\n<\/div><\/div><\/div><\/div><div id=\"tm-row-69f52846db0af\" class=\"vc_row vc_row-outer vc_row-fluid\"><div id=\"tm-column-69f52846db273\" class=\"wpb_column vc_column_container vc_col-sm-3\"><div class=\"vc_column-inner\"><div class=\"wpb_wrapper\"><\/div><\/div><\/div><div id=\"tm-column-69f52846db3dd\" class=\"wpb_column vc_column_container vc_col-sm-3\"><div class=\"vc_column-inner\"><div class=\"wpb_wrapper\"><\/div><\/div><\/div><div id=\"tm-column-69f52846db528\" class=\"wpb_column vc_column_container vc_col-sm-3\"><div class=\"vc_column-inner\"><div class=\"wpb_wrapper\"><\/div><\/div><\/div><div id=\"tm-column-69f52846db66d\" class=\"wpb_column vc_column_container vc_col-sm-3\"><div class=\"vc_column-inner\"><div class=\"wpb_wrapper\"><\/div><\/div><\/div><\/div>\n<\/div>","protected":false},"excerpt":{"rendered":"Trajes qu\u00edmicos, sistemas de protecci\u00f3n contra incendio, camillas de rescate y m\u00e1s... Todo lo que necesit\u00e1s para tu seguridad terrestre lo pod\u00e9s encontrar en nuestra secci\u00f3n de productos. Naveg\u00e1 entre las categor\u00edas principales y ponete en contacto con nosotros para poder asesorarte de la mejor manera. Somos UMS, we serve to save lives. Sistemas contra incendios Sistemas contra incendios Conoc\u00e9 los mejores sistemas contra incendios para proteger tu mercanc\u00eda o documentos. Conocelos aqu\u00ed Equipos de protecci\u00f3n y rescate Equipos de protecci\u00f3n y rescate Chalecos, camillas, trajes qu\u00edmicos y m\u00e1s. Descubr\u00ed todos los equipos de protecci\u00f3n y rescate que ofrecemos. Conocelas aqu\u00ed Equipo contra incendios Equipo contra incendios Conoc\u00e9 los equipos contra incendios CABA y EEBD, ideales para luchar o salir de incendios. Conocelos aqu\u00ed","protected":false},"author":1,"featured_media":0,"parent":0,"menu_order":0,"comment_status":"closed","ping_status":"closed","template":"","meta":{"footnotes":""},"class_list":["post-5313","page","type-page","status-publish","hentry","post-no-thumbnail"],"_links":{"self":[{"href":"https:\/\/ums.com.uy\/2022\/tierra\/en\/wp-json\/wp\/v2\/pages\/5313","targetHints":{"allow":["GET"]}}],"collection":[{"href":"https:\/\/ums.com.uy\/2022\/tierra\/en\/wp-json\/wp\/v2\/pages"}],"about":[{"href":"https:\/\/ums.com.uy\/2022\/tierra\/en\/wp-json\/wp\/v2\/types\/page"}],"author":[{"embeddable":true,"href":"https:\/\/ums.com.uy\/2022\/tierra\/en\/wp-json\/wp\/v2\/users\/1"}],"replies":[{"embeddable":true,"href":"https:\/\/ums.com.uy\/2022\/tierra\/en\/wp-json\/wp\/v2\/comments?post=5313"}],"version-history":[{"count":0,"href":"https:\/\/ums.com.uy\/2022\/tierra\/en\/wp-json\/wp\/v2\/pages\/5313\/revisions"}],"wp:attachment":[{"href":"https:\/\/ums.com.uy\/2022\/tierra\/en\/wp-json\/wp\/v2\/media?parent=5313"}],"curies":[{"name":"wp","href":"https:\/\/api.w.org\/{rel}","templated":true}]}}