{"id":5304,"date":"2021-11-26T16:34:55","date_gmt":"2021-11-26T19:34:55","guid":{"rendered":"http:\/\/ums.com.uy\/2022\/tierra\/?post_type=product&#038;p=5304"},"modified":"2022-05-05T19:59:29","modified_gmt":"2022-05-05T22:59:29","slug":"chaleco-ayuda-de-trabajo","status":"publish","type":"product","link":"https:\/\/ums.com.uy\/2022\/tierra\/en\/product\/chaleco-ayuda-de-trabajo\/","title":{"rendered":"Work support vest"},"content":{"rendered":"<div class=\"woocommerce-product-details__short-description\">\n<p>Approved according to the latest European standards ISO 12402-5 for 50' flotation aids. All raw materials used in manufacturing comply with ISO 12402-7 and ISO 12402-8 standards for increased strength, quality and durability. Available in one size and orange color.<\/p>\n<\/div>\n<div class=\"product-share\">\n<div class=\"product-sharing-list\"><\/div>\n<\/div>","protected":false},"excerpt":{"rendered":"<div id=\"woocommerce-tabs\" class=\"woocommerce-tabs wc-tabs-wrapper\">\n<div id=\"tab-description\" class=\"woocommerce-Tabs-panel woocommerce-Tabs-panel--description panel entry-content wc-tab\" role=\"tabpanel\" aria-labelledby=\"tab-title-description\">\n<p>El chaleco de ayuda de trabajo ha sido especialmente dise\u00f1ada para su uso en el lugar de trabajo. Est\u00e1 abierta por los lados, lo que hace que sea m\u00e1s f\u00e1cil y c\u00f3moda de llevar, y est\u00e1 fabricada con tejido de poli\u00e9ster ign\u00edfugo. Tiene dos correas que se cierran con las hebillas de acero inoxidable. Para mayor seguridad, cuenta con anillos de acero inoxidable en forma de D y con los ganchos. Adem\u00e1s, cuenta con bandas reflectantes SOLAS y un bolsillo de tela, para guardar las herramientas.<\/p>\n<\/div>\n<\/div>\n<div class=\"related products\"><\/div>","protected":false},"featured_media":5305,"comment_status":"open","ping_status":"closed","template":"","meta":[],"product_brand":[],"product_cat":[118],"product_tag":[84,120,147],"class_list":{"0":"post-5304","1":"product","2":"type-product","3":"status-publish","4":"has-post-thumbnail","6":"product_cat-proteccion-y-rescate","7":"product_tag-chaleco","8":"product_tag-incendio","9":"product_tag-trabajo","11":"first","12":"instock","13":"shipping-taxable","14":"product-type-simple"},"_links":{"self":[{"href":"https:\/\/ums.com.uy\/2022\/tierra\/en\/wp-json\/wp\/v2\/product\/5304","targetHints":{"allow":["GET"]}}],"collection":[{"href":"https:\/\/ums.com.uy\/2022\/tierra\/en\/wp-json\/wp\/v2\/product"}],"about":[{"href":"https:\/\/ums.com.uy\/2022\/tierra\/en\/wp-json\/wp\/v2\/types\/product"}],"replies":[{"embeddable":true,"href":"https:\/\/ums.com.uy\/2022\/tierra\/en\/wp-json\/wp\/v2\/comments?post=5304"}],"wp:featuredmedia":[{"embeddable":true,"href":"https:\/\/ums.com.uy\/2022\/tierra\/en\/wp-json\/wp\/v2\/media\/5305"}],"wp:attachment":[{"href":"https:\/\/ums.com.uy\/2022\/tierra\/en\/wp-json\/wp\/v2\/media?parent=5304"}],"wp:term":[{"taxonomy":"product_brand","embeddable":true,"href":"https:\/\/ums.com.uy\/2022\/tierra\/en\/wp-json\/wp\/v2\/product_brand?post=5304"},{"taxonomy":"product_cat","embeddable":true,"href":"https:\/\/ums.com.uy\/2022\/tierra\/en\/wp-json\/wp\/v2\/product_cat?post=5304"},{"taxonomy":"product_tag","embeddable":true,"href":"https:\/\/ums.com.uy\/2022\/tierra\/en\/wp-json\/wp\/v2\/product_tag?post=5304"}],"curies":[{"name":"wp","href":"https:\/\/api.w.org\/{rel}","templated":true}]}}