{"id":1147,"date":"2018-08-07T09:27:31","date_gmt":"2018-08-07T09:27:31","guid":{"rendered":"http:\/\/ums.com.uy\/2022\/tierra\/agua\/pages\/services-classic\/"},"modified":"2022-05-05T19:44:36","modified_gmt":"2022-05-05T22:44:36","slug":"servicios","status":"publish","type":"page","link":"https:\/\/ums.com.uy\/2022\/tierra\/servicios\/","title":{"rendered":"Servicios"},"content":{"rendered":"<div class=\"wpb-content-wrapper\"><div id=\"tm-row-69f4ca4964d81\" data-vc-full-width=\"true\" data-vc-full-width-init=\"false\" class=\"vc_row vc_row-outer vc_row-fluid vc_container-has-overlay\"><div class=\"vc_container-overlay\"><\/div><div id=\"tm-column-69f4ca49660a1\" class=\"wpb_column vc_column_container vc_col-sm-12\"><div class=\"vc_column-inner \"><div class=\"wpb_wrapper\"><div class=\"tm-spacer\" id=\"tm-spacer-69f4ca49667da\"><\/div>\n\n<div class=\"tm-heading modern-02 center tm-animation move-up\" id=\"tm-heading-69f4ca4966b2c\">\n\t<h3 class=\"heading\" style=\"\">Servicios<\/h3><\/div>\n\n<div class=\"tm-spacer\" id=\"tm-spacer-69f4ca4966deb\"><\/div>\n\n<div class=\"tm-heading  center tm-animation move-up\" id=\"tm-heading-69f4ca4966f3b\">\n\t<h3 class=\"heading\" style=\"\">Comprometidos en brindar a nuestros clientes los mejores productos y servicios de alta calidad para la protecci\u00f3n de la vida y bienes.<\/h3><\/div>\n\n<div class=\"tm-spacer\" id=\"tm-spacer-69f4ca49671b6\"><\/div>\n\n<div class=\"tm-heading  center tm-animation move-up\" id=\"tm-heading-69f4ca49672fc\">\n\t<div class=\"heading\" style=\"\">Nos enfocamos en un objetivo: brindar a nuestros clientes los mejores productos con el mejor servicio. Porque su seguridad es nuestra prioridad. Siempre.<\/div><\/div>\n\n<div class=\"tm-spacer\" id=\"tm-spacer-69f4ca4967564\"><\/div>\n<\/div><\/div><\/div><\/div><div class=\"vc_row-full-width vc_clearfix\"><\/div><div id=\"tm-row-69f4ca496779a\" class=\"vc_row vc_row-outer vc_row-fluid\"><div id=\"tm-column-69f4ca49679b5\" class=\"wpb_column vc_column_container vc_col-sm-12\"><div class=\"vc_column-inner \"><div class=\"wpb_wrapper\"><div class=\"tm-grid-wrapper tm-grid-group\" id=\"tm-grid-69f4ca4967cd4\"\n     data-item-wrap=\"1\"\n>\n\n\t<div class=\"tm-grid modern-grid has-animation move-up\">\n\t\t<div class=\"tm-box-icon  align-center style-03 tm-animation move-up\" id=\"tm-box-icon-69f4ca49680e3\">\n\t\n\t\n\t<div class=\"content-wrap\">\n\t\t\n\n\t\t\t\t\t\t<div class=\"icon\">\n\t\t\t\t\t\t<span class=\"far fa-chart-network\"><\/span>\n\t\t\t\t\t<\/div>\n\t\t\t\t\t\n<div class=\"content\">\n\t\t\t<h4 class=\"heading\">\n\t\t\t\n\t\t\t\tRepresentantes oficiales\n\t\t\t\t\n\t\t<\/h4>\n\t\n\t\t\t<div class=\"text\">Somos representantes oficiales de las principales marcas de seguridad mundial, como por ejemplo FireTrace, Jiansu, y Lalizas. Esto nos permite brindar una mayor garant\u00eda y seguridad en nuestros trabajos.<\/div>\t<\/div>\n\n\n\t\n\t<\/div>\n\n\t\n<\/div>\n<div class=\"tm-box-icon  align-center style-03 tm-animation move-up\" id=\"tm-box-icon-69f4ca4968f0f\">\n\t\n\t\n\t<div class=\"content-wrap\">\n\t\t\n\n\t\t\t\t\t\t<div class=\"icon\">\n\t\t\t\t\t\t<span class=\"far fa-address-book\"><\/span>\n\t\t\t\t\t<\/div>\n\t\t\t\t\t\n<div class=\"content\">\n\t\t\t<h4 class=\"heading\">\n\t\t\t\n\t\t\t\tT\u00e9cnicos certificados\n\t\t\t\t\n\t\t<\/h4>\n\t\n\t\t\t<div class=\"text\">Todos nuestros t\u00e9cnicos est\u00e1n certificados y cuentan con la \u00faltima informaci\u00f3n brindada por nuestras marcas representadas, las autoridades y organismos regulatorios.<\/div>\t<\/div>\n\n\n\t\n\t<\/div>\n\n\t\n<\/div>\n<div class=\"tm-box-icon  align-center style-03 tm-animation move-up\" id=\"tm-box-icon-69f4ca496935f\">\n\t\n\t\n\t<div class=\"content-wrap\">\n\t\t\n\n\t\t\t\t\t\t<div class=\"icon\">\n\t\t\t\t\t\t<span class=\"far fa-calendar-alt\"><\/span>\n\t\t\t\t\t<\/div>\n\t\t\t\t\t\n<div class=\"content\">\n\t\t\t<h4 class=\"heading\">\n\t\t\t\n\t\t\t\t24\/7\/365\n\t\t\t\t\n\t\t<\/h4>\n\t\n\t\t\t<div class=\"text\">UMS est\u00e1 disponible para ofrecer soluciones de seguridad mar\u00edtima las 24 horas, los 7 d\u00edas de la semana, los 365 d\u00edas del a\u00f1o. Su seguridad es nuestra prioridad.<\/div>\t<\/div>\n\n\n\t\n\t<\/div>\n\n\t\n<\/div>\n\t<\/div>\n\n<\/div>\n\n\n<div class=\"tm-spacer\" id=\"tm-spacer-69f4ca49696dc\"><\/div>\n<\/div><\/div><\/div><\/div><div id=\"tm-row-69f4ca496994d\" class=\"vc_row vc_row-outer vc_row-fluid\"><div id=\"tm-column-69f4ca4969cae\" class=\"wpb_column vc_column_container vc_col-sm-12\"><div class=\"vc_column-inner \"><div class=\"wpb_wrapper\"><div class=\"tm-services-list  style-01 tm-animation move-up\" id=\"tm-services-list-69f4ca4969fe6\">\n\t\t\t\t\t\t<div class=\"service-item\">\n\t\t\t\t<div class=\"service-image\">\n\t\t\t\t\t\t\t\t\t\t\t<img decoding=\"async\" src=\"https:\/\/ums.com.uy\/2022\/tierra\/wp-content\/uploads\/2021\/07\/Firetrace.png\" alt=\"Firetrace\" \/>\t\t\t\t\t\t\t\t\t<\/div>\n\n\t\t\t\t<div class=\"service-info\">\n\n\t\t\t\t\t\t\t\t\t\t\t<h3 class=\"service-name\">\n\t\t\t\t\t\t\tExtinci\u00f3n de incendios sin agua\t\t\t\t\t\t<\/h3>\n\t\t\t\t\t\n\t\t\t\t\t\t\t\t\t\t\t<div class=\"service-text\">\n\t\t\t\t\t\t\t<b>Proteger los objetos valiosos y que en ocasiones son irremplazables.<\/b>\n\nSomos representantes FIRETRACE, fabricante de sistemas de extinci\u00f3n de incendio. Que cuenta con el \u00danico sistema en el mundo que detecta y apaga el fuego en menos de 10 segundos, que no utiliza corriente el\u00e9ctrica, ni bater\u00eda para funcionar.\n\nEl fluido NOVEC 1230 es ideal para proteger los objetos valiosos y que en ocasiones son irremplazables como libros, archivos digitales, antig\u00fcedades y obras de arte. A diferencia del agua, espuma y polvo qu\u00edmico seco, el fluido NOVEC 1230 no deja residuos y no es destructivo con materiales como pintura, papel, electr\u00f3nicos u otros materiales delicados, gracias a su r\u00e1pida evaporaci\u00f3n.\n\t\t\t\t\t\t<\/div>\n\t\t\t\t\t\n\t\t\t\t<\/div>\n\t\t\t<\/div>\n\t\t\t\t\t<div class=\"service-item\">\n\t\t\t\t<div class=\"service-image\">\n\t\t\t\t\t\t\t\t\t\t\t<img decoding=\"async\" src=\"https:\/\/ums.com.uy\/2022\/tierra\/wp-content\/uploads\/2020\/10\/incendio.png\" alt=\"incendio\" \/>\t\t\t\t\t\t\t\t\t<\/div>\n\n\t\t\t\t<div class=\"service-info\">\n\n\t\t\t\t\t\t\t\t\t\t\t<h3 class=\"service-name\">\n\t\t\t\t\t\t\tMantenimiento de sistemas de FM200\t\t\t\t\t\t<\/h3>\n\t\t\t\t\t\n\t\t\t\t\t\t\t\t\t\t\t<div class=\"service-text\">\n\t\t\t\t\t\t\tMantenimiento de sistemas de FM200 tambi\u00e9n llamado HFC-227ea, realizamos recarga de Agente y recalificaci\u00f3n de cilindros instalados (Prueba Hidr\u00e1ulica).\n\t\t\t\t\t\t<\/div>\n\t\t\t\t\t\n\t\t\t\t<\/div>\n\t\t\t<\/div>\n\t\t\t\t\t<div class=\"service-item\">\n\t\t\t\t<div class=\"service-image\">\n\t\t\t\t\t\t\t\t\t\t\t<img decoding=\"async\" src=\"https:\/\/ums.com.uy\/2022\/tierra\/wp-content\/uploads\/2022\/05\/donut.png\" alt=\"donut\" \/>\t\t\t\t\t\t\t\t\t<\/div>\n\n\t\t\t\t<div class=\"service-info\">\n\n\t\t\t\t\t\t\t\t\t\t\t<h3 class=\"service-name\">\n\t\t\t\t\t\t\tDONUT - Equipo ligero de evacuaci\u00f3n desde alturas\t\t\t\t\t\t<\/h3>\n\t\t\t\t\t\n\t\t\t\t\t\t\t\t\t\t\t<div class=\"service-text\">\n\t\t\t\t\t\t\tEquipo que permite escapar a trav\u00e9s de un Dispositivo Personal de descenso controlado, una vez que el dispositivo es sujetado a una baranda u otra estructura en un punto de anclaje.\n<br>\nEn caso necesario se puede frenar el Safeland por un tiempo indefinido en cualquier momento durante el descenso dejando las manos libres.\n<br>\nPueden utilizarlo prestadores de servicios y colaboradores entrenados para descender personas lesionados, heridas o inconscientes a lugares seguros utilizando el propio asiento o una camilla. Su tama\u00f1o compacto hace m\u00e1s f\u00e1cil su almacenaje. Se adecua a cualquier ambiente alto y de dif\u00edcil acceso.\t\t\t\t\t\t<\/div>\n\t\t\t\t\t\n\t\t\t\t<\/div>\n\t\t\t<\/div>\n\t\t\t\t\t<div class=\"service-item\">\n\t\t\t\t<div class=\"service-image\">\n\t\t\t\t\t\t\t\t\t\t\t<img decoding=\"async\" src=\"https:\/\/ums.com.uy\/2022\/tierra\/wp-content\/uploads\/2021\/11\/caba-01.png\" alt=\"caba-01\" \/>\t\t\t\t\t\t\t\t\t<\/div>\n\n\t\t\t\t<div class=\"service-info\">\n\n\t\t\t\t\t\t\t\t\t\t\t<h3 class=\"service-name\">\n\t\t\t\t\t\t\tInspecci\u00f3n, reparaci\u00f3n y ajuste\t\t\t\t\t\t<\/h3>\n\t\t\t\t\t\n\t\t\t\t\t\t\t\t\t\t\t<div class=\"service-text\">\n\t\t\t\t\t\t\tDe equipos aut\u00f3nomos de respiraci\u00f3n con aire comprimido respirables (SCBS), equipos de respiraci\u00f3n de estampe (EEBD), y resucitadores de ox\u00edgeno.\n\nRecarga de botellas de aire respirable hasta 300bar, con calidad de aire monitoreado. \n\nRecarga de botellas de O2 medicinal, hasta 200bar.\t\t\t\t\t\t<\/div>\n\t\t\t\t\t\n\t\t\t\t<\/div>\n\t\t\t<\/div>\n\t\t\t\t\t<div class=\"service-item\">\n\t\t\t\t<div class=\"service-image\">\n\t\t\t\t\t\t\t\t\t\t\t<img decoding=\"async\" src=\"https:\/\/ums.com.uy\/2022\/tierra\/wp-content\/uploads\/2021\/07\/hydro.jpg\" alt=\"hydro\" \/>\t\t\t\t\t\t\t\t\t<\/div>\n\n\t\t\t\t<div class=\"service-info\">\n\n\t\t\t\t\t\t\t\t\t\t\t<h3 class=\"service-name\">\n\t\t\t\t\t\t\tEnsayos hidrost\u00e1ticos\t\t\t\t\t\t<\/h3>\n\t\t\t\t\t\n\t\t\t\t\t\t\t\t\t\t\t<div class=\"service-text\">\n\t\t\t\t\t\t\t<ul>\n \t<li>Recipientes bajo presi\u00f3n<\/li>\n \t<li>Cilindros de gases de alta presi\u00f3n de buceo<\/li>\n \t<li>Equipos contra incendios<\/li>\n \t<li>Paint Ball y tiro de aire comprimido<\/li>\n<\/ul>\t\t\t\t\t\t<\/div>\n\t\t\t\t\t\n\t\t\t\t<\/div>\n\t\t\t<\/div>\n\t\t\t<\/div>\n<div class=\"tm-spacer\" id=\"tm-spacer-69f4ca4971a8d\"><\/div>\n<\/div><\/div><\/div><\/div><div id=\"tm-row-69f4ca4971d01\" data-vc-full-width=\"true\" data-vc-full-width-init=\"false\" class=\"vc_row vc_row-outer vc_row-fluid\"><div id=\"tm-column-69f4ca4971f72\" class=\"wpb_column vc_column_container vc_col-sm-12\"><div class=\"vc_column-inner \"><div class=\"wpb_wrapper\"><div class=\"tm-spacer\" id=\"tm-spacer-69f4ca49720e5\"><\/div>\n\n<div class=\"tm-heading modern-02 center tm-animation move-up\" id=\"tm-heading-69f4ca4972266\">\n\t<h3 class=\"heading\" style=\"\">\u00bfC\u00f3mo lo hacemos?<\/h3><\/div>\n\n<div class=\"tm-spacer\" id=\"tm-spacer-69f4ca49724ca\"><\/div>\n\n<div class=\"tm-heading  center tm-animation move-up\" id=\"tm-heading-69f4ca497261b\">\n\t<h3 class=\"heading\" style=\"\">Nuestro proceso de trabajo<\/h3><\/div>\n\n<div class=\"tm-spacer\" id=\"tm-spacer-69f4ca497286e\"><\/div>\n<div class=\"tm-gradation  tm-gradation-- tm-animation-queue\" id=\"tm-gradation-69f4ca4972a96\"\n     data-animation-delay=\"400\"\n>\n\t\t\t<div class=\"item item-1\">\n\t\t\t<div class=\"line\"><\/div>\n\n\t\t\t<div class=\"dot-wrap\">\n\t\t\t\t<div class=\"dot\">\n\t\t\t\t\t<div class=\"count\">1<\/div>\n\t\t\t\t<\/div>\n\t\t\t<\/div>\n\n\t\t\t<div class=\"content-wrap\">\n\t\t\t\t\t\t\t\t\t<h5 class=\"title\">Identificaci\u00f3n<\/h5>\n\t\t\t\t\n\t\t\t\t\t\t\t\t\t<div class=\"text\">Nuestro equipo t\u00e9cnico identifica la necesidad del cliente<\/div>\n\t\t\t\t\t\t\t<\/div>\n\t\t<\/div>\n\t\t\t<div class=\"item item-2\">\n\t\t\t<div class=\"line\"><\/div>\n\n\t\t\t<div class=\"dot-wrap\">\n\t\t\t\t<div class=\"dot\">\n\t\t\t\t\t<div class=\"count\">2<\/div>\n\t\t\t\t<\/div>\n\t\t\t<\/div>\n\n\t\t\t<div class=\"content-wrap\">\n\t\t\t\t\t\t\t\t\t<h5 class=\"title\">Evaluaci\u00f3n<\/h5>\n\t\t\t\t\n\t\t\t\t\t\t\t\t\t<div class=\"text\">R\u00e1pidamente se eval\u00faa cu\u00e1l es la mejor soluci\u00f3n al problema, siempre de acuerdo con el cliente. <\/div>\n\t\t\t\t\t\t\t<\/div>\n\t\t<\/div>\n\t\t\t<div class=\"item item-3\">\n\t\t\t<div class=\"line\"><\/div>\n\n\t\t\t<div class=\"dot-wrap\">\n\t\t\t\t<div class=\"dot\">\n\t\t\t\t\t<div class=\"count\">3<\/div>\n\t\t\t\t<\/div>\n\t\t\t<\/div>\n\n\t\t\t<div class=\"content-wrap\">\n\t\t\t\t\t\t\t\t\t<h5 class=\"title\">Garant\u00eda<\/h5>\n\t\t\t\t\n\t\t\t\t\t\t\t\t\t<div class=\"text\">Una vez que el trabajo est\u00e1 culminado, nuestra garant\u00eda de calidad comienza a correr. <\/div>\n\t\t\t\t\t\t\t<\/div>\n\t\t<\/div>\n\t<\/div>\n<div class=\"tm-spacer\" id=\"tm-spacer-69f4ca4972ecc\"><\/div>\n<\/div><\/div><\/div><\/div><div class=\"vc_row-full-width vc_clearfix\"><\/div><div id=\"tm-row-69f4ca4973118\" data-vc-full-width=\"true\" data-vc-full-width-init=\"false\" class=\"vc_row vc_row-outer vc_row-fluid vc_row-o-content-middle vc_row-flex\"><div id=\"tm-column-69f4ca4973321\" class=\"wpb_column vc_column_container vc_col-sm-6\"><div class=\"vc_column-inner \"><div class=\"wpb_wrapper\">\n<div class=\"tm-heading  left tm-animation move-up\" id=\"tm-heading-69f4ca4973575\">\n\t<h3 class=\"heading\" style=\"\">\u00bfComenzamos a trabajar juntos?<\/h3><\/div>\n\n<div class=\"tm-spacer\" id=\"tm-spacer-69f4ca49737db\"><\/div>\n<\/div><\/div><\/div><div id=\"tm-column-69f4ca49738c6\" class=\"wpb_column vc_column_container vc_col-sm-6\"><div class=\"vc_column-inner \"><div class=\"wpb_wrapper\"><div class=\"tm-button-wrapper  tm-animation move-up\" id=\"tm-button-69f4ca4973cda\">\n\t\t<a class=\"tm-button style-flat tm-button-nm tm-button-custom\" href=\"http:\/\/ums.com.uy\/2022\/tierra\/maritimo\/contacto\/\"\n\t\t\t>\n\n\t\t\n\t\t\t\t\t\t<span class=\"button-text\" data-text=\"Contactanos tel:(+598)29246025\">\n\t\t\t\tContactanos tel:(+598)29246025\t\t\t<\/span>\n\t\t\t\n\t\t\t\n\t\t\n\n\t<\/a>\n<\/div>\n<\/div><\/div><\/div><\/div><div class=\"vc_row-full-width vc_clearfix\"><\/div>\n<\/div>","protected":false},"excerpt":{"rendered":"Servicios Comprometidos en brindar a nuestros clientes los mejores productos y servicios de alta calidad para la protecci\u00f3n de la vida y bienes. Nos enfocamos en un objetivo: brindar a nuestros clientes los mejores productos con el mejor servicio. Porque su seguridad es nuestra prioridad. Siempre. Representantes oficiales Somos representantes oficiales de las principales marcas de seguridad mundial, como por ejemplo FireTrace, Jiansu, y Lalizas. Esto nos permite brindar una mayor garant\u00eda y seguridad en nuestros trabajos. T\u00e9cnicos certificados Todos nuestros t\u00e9cnicos est\u00e1n certificados y cuentan con la \u00faltima informaci\u00f3n brindada por nuestras marcas representadas, las autoridades y organismos regulatorios. 24\/7\/365 UMS est\u00e1 disponible para ofrecer soluciones de seguridad mar\u00edtima las 24 horas, los 7 d\u00edas de la semana, los 365 d\u00edas del a\u00f1o. Su seguridad es nuestra prioridad. Extinci\u00f3n de incendios sin agua Proteger los objetos valiosos y que en ocasiones son irremplazables. Somos representantes FIRETRACE, fabricante de sistemas de extinci\u00f3n de incendio. Que cuenta con el \u00danico sistema en el mundo que detecta y apaga el fuego en menos de 10 segundos, que no utiliza corriente el\u00e9ctrica, ni bater\u00eda para funcionar. El fluido NOVEC 1230 es ideal para proteger los objetos valiosos y que en ocasiones son irremplazables como libros, archivos digitales, antig\u00fcedades y obras de arte. A diferencia del agua, espuma y polvo qu\u00edmico seco, el fluido NOVEC 1230 no deja residuos y no es destructivo con materiales como pintura, papel, electr\u00f3nicos u otros materiales delicados, gracias a su r\u00e1pida evaporaci\u00f3n. Mantenimiento de sistemas de FM200 Mantenimiento de sistemas de FM200 tambi\u00e9n llamado HFC-227ea, realizamos recarga de Agente y recalificaci\u00f3n de cilindros instalados (Prueba Hidr\u00e1ulica). DONUT - Equipo ligero de evacuaci\u00f3n desde alturas Equipo que permite escapar a trav\u00e9s de un Dispositivo Personal de descenso controlado, una vez que el dispositivo es sujetado a una baranda u otra estructura en un punto de anclaje. En caso necesario se puede frenar el Safeland por un tiempo indefinido en cualquier momento durante el descenso dejando las manos libres. Pueden utilizarlo prestadores de servicios y colaboradores entrenados para descender personas lesionados, heridas o inconscientes a lugares seguros utilizando el propio asiento o una camilla. Su tama\u00f1o compacto hace m\u00e1s f\u00e1cil su almacenaje. Se adecua a cualquier ambiente alto y de dif\u00edcil acceso. Inspecci\u00f3n, reparaci\u00f3n y ajuste De equipos aut\u00f3nomos de respiraci\u00f3n con aire comprimido respirables (SCBS), equipos de respiraci\u00f3n de estampe (EEBD), y resucitadores de ox\u00edgeno. Recarga de botellas de aire respirable hasta 300bar, con calidad de aire monitoreado. Recarga de botellas de O2 medicinal, hasta 200bar. Ensayos hidrost\u00e1ticos Recipientes bajo presi\u00f3n Cilindros de gases de alta presi\u00f3n de buceo Equipos contra incendios Paint Ball y tiro de aire comprimido \u00bfC\u00f3mo lo hacemos? Nuestro proceso de trabajo 1 Identificaci\u00f3n Nuestro equipo t\u00e9cnico identifica la necesidad del cliente 2 Evaluaci\u00f3n R\u00e1pidamente se eval\u00faa cu\u00e1l es la mejor soluci\u00f3n al problema, siempre de acuerdo con el cliente. 3 Garant\u00eda Una vez que el trabajo est\u00e1 culminado, nuestra garant\u00eda de calidad comienza a correr. \u00bfComenzamos a trabajar juntos? Contactanos tel:(+598)29246025","protected":false},"author":1,"featured_media":0,"parent":0,"menu_order":0,"comment_status":"closed","ping_status":"closed","template":"","meta":{"footnotes":""},"class_list":["post-1147","page","type-page","status-publish","hentry","post-no-thumbnail"],"_links":{"self":[{"href":"https:\/\/ums.com.uy\/2022\/tierra\/wp-json\/wp\/v2\/pages\/1147","targetHints":{"allow":["GET"]}}],"collection":[{"href":"https:\/\/ums.com.uy\/2022\/tierra\/wp-json\/wp\/v2\/pages"}],"about":[{"href":"https:\/\/ums.com.uy\/2022\/tierra\/wp-json\/wp\/v2\/types\/page"}],"author":[{"embeddable":true,"href":"https:\/\/ums.com.uy\/2022\/tierra\/wp-json\/wp\/v2\/users\/1"}],"replies":[{"embeddable":true,"href":"https:\/\/ums.com.uy\/2022\/tierra\/wp-json\/wp\/v2\/comments?post=1147"}],"version-history":[{"count":0,"href":"https:\/\/ums.com.uy\/2022\/tierra\/wp-json\/wp\/v2\/pages\/1147\/revisions"}],"wp:attachment":[{"href":"https:\/\/ums.com.uy\/2022\/tierra\/wp-json\/wp\/v2\/media?parent=1147"}],"curies":[{"name":"wp","href":"https:\/\/api.w.org\/{rel}","templated":true}]}}