{"id":5297,"date":"2021-11-26T16:29:59","date_gmt":"2021-11-26T19:29:59","guid":{"rendered":"http:\/\/ums.com.uy\/2022\/tierra\/?post_type=product&#038;p=5297"},"modified":"2021-11-26T16:30:00","modified_gmt":"2021-11-26T19:30:00","slug":"lalizas-alpha-170","status":"publish","type":"product","link":"https:\/\/ums.com.uy\/2022\/tierra\/producto\/lalizas-alpha-170\/","title":{"rendered":"Lalizas Alpha 170"},"content":{"rendered":"<p>El chaleco salvavidas inflable Alpha tiene un dise\u00f1o compacto, poco peso y una construcci\u00f3n de alta calidad. Es ideal para los navegantes costeros y de bajura. Cuenta con una c\u00e1mara que puede inflarse mediante el cabezal de operaci\u00f3n manual LALIZAS (20220, certificado seg\u00fan ISO 12402-7) o mediante el cabezal de operaci\u00f3n autom\u00e1tica LALIZAS (20260, certificado seg\u00fan ISO 12402-7) y lleva un tubo de inflado oral que incorpora v\u00e1lvulas LALIZAS (20610, certificado seg\u00fan ISO 12402-7).<\/p>\n<p>La vejiga inflable, fabricada en tejido amarillo de alta visibilidad, se pliega en una valija de nylon de color rojo con cierre de velcro y tambi\u00e9n est\u00e1 equipada con cintas retrorreflectantes SOLAS (70180) y silbato LALIZAS (70020, certificado seg\u00fan ISO 12402-7 y 8). Est\u00e1n provistos de un lazo de elevaci\u00f3n y una anilla en D de alta resistencia para facilitar el rescate (71098 y 71102).<\/p>\n","protected":false},"excerpt":{"rendered":"<p>Los chalecos salvavidas Alpha presentan las siguientes caracter\u00edsticas<\/p>\n<ul>\n<li>Aprobaci\u00f3n CE ISO 12402-3<\/li>\n<li>Homologaci\u00f3n CE ISO 12401 en todos los arneses negros integrales<\/li>\n<li>Doble costura de la vejiga de aire soldada para una doble seguridad (Alpha)<\/li>\n<li>Mecanismo de disparo ultra fiable<\/li>\n<li>Compatible con todas las botellas de CO2 de los principales proveedores<\/li>\n<li>Cubierta exterior protectora de gran resistencia comercial<\/li>\n<li>F\u00e1cil reempaquetado<\/li>\n<li>Kits de rearme econ\u00f3micos<\/li>\n<li>170 Newtons de flotabilidad cuando est\u00e1 completamente inflado<\/li>\n<li>Cabezas autom\u00e1ticas dise\u00f1adas para no disparar en caso de mal tiempo<\/li>\n<li>Mantiene la posici\u00f3n correcta de flotaci\u00f3n en el agua (boca arriba)<\/li>\n<li>Correas totalmente ajustables<\/li>\n<li>Anillos en D inoxidables de alta resistencia para la fijaci\u00f3n de una l\u00ednea de seguridad<\/li>\n<\/ul>\n","protected":false},"featured_media":5300,"comment_status":"open","ping_status":"closed","template":"","meta":[],"product_brand":[],"product_cat":[118],"product_tag":[84,120,80],"class_list":{"0":"post-5297","1":"product","2":"type-product","3":"status-publish","4":"has-post-thumbnail","6":"product_cat-proteccion-y-rescate","7":"product_tag-chaleco","8":"product_tag-incendio","9":"product_tag-lalizas","11":"first","12":"instock","13":"shipping-taxable","14":"product-type-simple"},"_links":{"self":[{"href":"https:\/\/ums.com.uy\/2022\/tierra\/wp-json\/wp\/v2\/product\/5297","targetHints":{"allow":["GET"]}}],"collection":[{"href":"https:\/\/ums.com.uy\/2022\/tierra\/wp-json\/wp\/v2\/product"}],"about":[{"href":"https:\/\/ums.com.uy\/2022\/tierra\/wp-json\/wp\/v2\/types\/product"}],"replies":[{"embeddable":true,"href":"https:\/\/ums.com.uy\/2022\/tierra\/wp-json\/wp\/v2\/comments?post=5297"}],"wp:featuredmedia":[{"embeddable":true,"href":"https:\/\/ums.com.uy\/2022\/tierra\/wp-json\/wp\/v2\/media\/5300"}],"wp:attachment":[{"href":"https:\/\/ums.com.uy\/2022\/tierra\/wp-json\/wp\/v2\/media?parent=5297"}],"wp:term":[{"taxonomy":"product_brand","embeddable":true,"href":"https:\/\/ums.com.uy\/2022\/tierra\/wp-json\/wp\/v2\/product_brand?post=5297"},{"taxonomy":"product_cat","embeddable":true,"href":"https:\/\/ums.com.uy\/2022\/tierra\/wp-json\/wp\/v2\/product_cat?post=5297"},{"taxonomy":"product_tag","embeddable":true,"href":"https:\/\/ums.com.uy\/2022\/tierra\/wp-json\/wp\/v2\/product_tag?post=5297"}],"curies":[{"name":"wp","href":"https:\/\/api.w.org\/{rel}","templated":true}]}}