{"id":5318,"date":"2022-05-05T20:07:45","date_gmt":"2022-05-05T23:07:45","guid":{"rendered":"http:\/\/ums.com.uy\/2022\/tierra\/?post_type=product&#038;p=5318"},"modified":"2022-05-05T20:07:45","modified_gmt":"2022-05-05T23:07:45","slug":"traje-quimico","status":"publish","type":"product","link":"https:\/\/ums.com.uy\/2022\/tierra\/producto\/traje-quimico\/","title":{"rendered":"Traje qu\u00edmico"},"content":{"rendered":"<p>Traje de protecci\u00f3n qu\u00edmica de tipo herm\u00e9tico -GL<\/p>\n","protected":false},"excerpt":{"rendered":"<p>Traje de protecci\u00f3n qu\u00edmica de tipo herm\u00e9tico -GL<\/p>\n","protected":false},"featured_media":5319,"comment_status":"open","ping_status":"closed","template":"","meta":[],"product_brand":[],"product_cat":[118],"product_tag":[152,151,150,115],"class_list":{"0":"post-5318","1":"product","2":"type-product","3":"status-publish","4":"has-post-thumbnail","6":"product_cat-proteccion-y-rescate","7":"product_tag-hermetico","8":"product_tag-proteccion","9":"product_tag-quimico","10":"product_tag-traje","12":"first","13":"instock","14":"shipping-taxable","15":"product-type-simple"},"_links":{"self":[{"href":"https:\/\/ums.com.uy\/2022\/tierra\/wp-json\/wp\/v2\/product\/5318","targetHints":{"allow":["GET"]}}],"collection":[{"href":"https:\/\/ums.com.uy\/2022\/tierra\/wp-json\/wp\/v2\/product"}],"about":[{"href":"https:\/\/ums.com.uy\/2022\/tierra\/wp-json\/wp\/v2\/types\/product"}],"replies":[{"embeddable":true,"href":"https:\/\/ums.com.uy\/2022\/tierra\/wp-json\/wp\/v2\/comments?post=5318"}],"wp:featuredmedia":[{"embeddable":true,"href":"https:\/\/ums.com.uy\/2022\/tierra\/wp-json\/wp\/v2\/media\/5319"}],"wp:attachment":[{"href":"https:\/\/ums.com.uy\/2022\/tierra\/wp-json\/wp\/v2\/media?parent=5318"}],"wp:term":[{"taxonomy":"product_brand","embeddable":true,"href":"https:\/\/ums.com.uy\/2022\/tierra\/wp-json\/wp\/v2\/product_brand?post=5318"},{"taxonomy":"product_cat","embeddable":true,"href":"https:\/\/ums.com.uy\/2022\/tierra\/wp-json\/wp\/v2\/product_cat?post=5318"},{"taxonomy":"product_tag","embeddable":true,"href":"https:\/\/ums.com.uy\/2022\/tierra\/wp-json\/wp\/v2\/product_tag?post=5318"}],"curies":[{"name":"wp","href":"https:\/\/api.w.org\/{rel}","templated":true}]}}