{"id":5321,"date":"2022-05-05T20:17:27","date_gmt":"2022-05-05T23:17:27","guid":{"rendered":"http:\/\/ums.com.uy\/2022\/tierra\/?post_type=product&#038;p=5321"},"modified":"2022-05-05T20:17:27","modified_gmt":"2022-05-05T23:17:27","slug":"fm-200","status":"publish","type":"product","link":"https:\/\/ums.com.uy\/2022\/tierra\/producto\/fm-200\/","title":{"rendered":"FM-200"},"content":{"rendered":"<p>FM-200\u2122 suprime el fuego interrumpiendo el tri\u00e1ngulo del fuego. El tri\u00e1ngulo del fuego se compone de calor, ox\u00edgeno y una fuente de combustible, y al eliminar uno de estos elementos, el fuego se extingue. El FM-200\u2122 elimina el calor o los radicales libres, lo que interfiere en la reacci\u00f3n qu\u00edmica del tri\u00e1ngulo del fuego para extinguirlo. Los sistemas de supresi\u00f3n de incendios con agentes limpios, como los que utilizan FM-200\u2122, pueden alcanzar concentraciones de extinci\u00f3n de incendios en 10 segundos o menos.<\/p>\n","protected":false},"excerpt":{"rendered":"<p><strong>Ventajas del FM-200\u2122:<\/strong><\/p>\n<ul>\n<li>FM-200\u2122 es un agente limpio que es seguro alrededor de las personas; por lo tanto, los sistemas de supresi\u00f3n de incendios FM-200\u2122 son seguros para instalar en espacios ocupados.<\/li>\n<li>Cuando un sistema de extinci\u00f3n de incendios FM-200\u2122 se activa para apagar un incendio, no quedan residuos y es seguro para los equipos, los aparatos electr\u00f3nicos y la maquinaria.<\/li>\n<li>En comparaci\u00f3n con otros agentes limpios como el Novec 1230, el FM-200\u2122 es una opci\u00f3n ligeramente m\u00e1s rentable.<\/li>\n<li>Debido a la peque\u00f1a cantidad de FM-200\u2122 requerida para suprimir un incendio, se necesitan cilindros m\u00e1s peque\u00f1os o menos cuando se compara con otros agentes como Novec 1230.<\/li>\n<\/ul>\n<p>&nbsp;<\/p>\n","protected":false},"featured_media":5322,"comment_status":"open","ping_status":"closed","template":"","meta":[],"product_brand":[],"product_cat":[79],"product_tag":[155,153,154,120],"class_list":{"0":"post-5321","1":"product","2":"type-product","3":"status-publish","4":"has-post-thumbnail","6":"product_cat-sistemas-contra-incedios","7":"product_tag-documentos","8":"product_tag-firetrace","9":"product_tag-fm200","10":"product_tag-incendio","12":"first","13":"instock","14":"shipping-taxable","15":"product-type-simple"},"_links":{"self":[{"href":"https:\/\/ums.com.uy\/2022\/tierra\/wp-json\/wp\/v2\/product\/5321","targetHints":{"allow":["GET"]}}],"collection":[{"href":"https:\/\/ums.com.uy\/2022\/tierra\/wp-json\/wp\/v2\/product"}],"about":[{"href":"https:\/\/ums.com.uy\/2022\/tierra\/wp-json\/wp\/v2\/types\/product"}],"replies":[{"embeddable":true,"href":"https:\/\/ums.com.uy\/2022\/tierra\/wp-json\/wp\/v2\/comments?post=5321"}],"wp:featuredmedia":[{"embeddable":true,"href":"https:\/\/ums.com.uy\/2022\/tierra\/wp-json\/wp\/v2\/media\/5322"}],"wp:attachment":[{"href":"https:\/\/ums.com.uy\/2022\/tierra\/wp-json\/wp\/v2\/media?parent=5321"}],"wp:term":[{"taxonomy":"product_brand","embeddable":true,"href":"https:\/\/ums.com.uy\/2022\/tierra\/wp-json\/wp\/v2\/product_brand?post=5321"},{"taxonomy":"product_cat","embeddable":true,"href":"https:\/\/ums.com.uy\/2022\/tierra\/wp-json\/wp\/v2\/product_cat?post=5321"},{"taxonomy":"product_tag","embeddable":true,"href":"https:\/\/ums.com.uy\/2022\/tierra\/wp-json\/wp\/v2\/product_tag?post=5321"}],"curies":[{"name":"wp","href":"https:\/\/api.w.org\/{rel}","templated":true}]}}